{"id":20912,"date":"2020-09-11T10:31:21","date_gmt":"2020-09-11T09:31:21","guid":{"rendered":"http:\/\/montreux-vieux.net\/?page_id=20912"},"modified":"2020-09-11T10:31:21","modified_gmt":"2020-09-11T09:31:21","slug":"inauguration-de-la-banniere-de-la-concordia","status":"publish","type":"page","link":"https:\/\/montreux-vieux.net\/?page_id=20912","title":{"rendered":"Inauguration de la banni\u00e8re de la \u00c7oncordia"},"content":{"rendered":"\n<p>Montreux Vieux. \u2014 Dimanche a eu lieu l\u2019inauguration de la banni\u00e8re de la \u00c7oncordia, soci\u00e9t\u00e9 de musique et de chant De nombreuses soci\u00e9t\u00e9s des environs dont cinq de Mulhouse, ont pr\u00eat\u00e9 leur concours \u00e0 cette c\u00e9r\u00e9monie.<\/p>\n\n\n\n<p>Sources&nbsp;: L\u2019Express 9 juillet 1895<\/p>\n","protected":false},"excerpt":{"rendered":"<p>Montreux Vieux. \u2014 Dimanche a eu lieu l\u2019inauguration de la banni\u00e8re de la \u00c7oncordia, soci\u00e9t\u00e9 de musique et de chant De nombreuses soci\u00e9t\u00e9s des environs dont cinq de Mulhouse, ont pr\u00eat\u00e9 leur concours \u00e0 cette c\u00e9r\u00e9monie. Sources&nbsp;: L\u2019Express 9 juillet &hellip; <a href=\"https:\/\/montreux-vieux.net\/?page_id=20912\">Continuer la lecture <span class=\"meta-nav\">&rarr;<\/span><\/a><\/p>\n","protected":false},"author":1,"featured_media":0,"parent":12669,"menu_order":15,"comment_status":"closed","ping_status":"open","template":"","meta":{"footnotes":""},"class_list":["post-20912","page","type-page","status-publish","hentry"],"_links":{"self":[{"href":"https:\/\/montreux-vieux.net\/index.php?rest_route=\/wp\/v2\/pages\/20912","targetHints":{"allow":["GET"]}}],"collection":[{"href":"https:\/\/montreux-vieux.net\/index.php?rest_route=\/wp\/v2\/pages"}],"about":[{"href":"https:\/\/montreux-vieux.net\/index.php?rest_route=\/wp\/v2\/types\/page"}],"author":[{"embeddable":true,"href":"https:\/\/montreux-vieux.net\/index.php?rest_route=\/wp\/v2\/users\/1"}],"replies":[{"embeddable":true,"href":"https:\/\/montreux-vieux.net\/index.php?rest_route=%2Fwp%2Fv2%2Fcomments&post=20912"}],"version-history":[{"count":1,"href":"https:\/\/montreux-vieux.net\/index.php?rest_route=\/wp\/v2\/pages\/20912\/revisions"}],"predecessor-version":[{"id":20913,"href":"https:\/\/montreux-vieux.net\/index.php?rest_route=\/wp\/v2\/pages\/20912\/revisions\/20913"}],"up":[{"embeddable":true,"href":"https:\/\/montreux-vieux.net\/index.php?rest_route=\/wp\/v2\/pages\/12669"}],"wp:attachment":[{"href":"https:\/\/montreux-vieux.net\/index.php?rest_route=%2Fwp%2Fv2%2Fmedia&parent=20912"}],"curies":[{"name":"wp","href":"https:\/\/api.w.org\/{rel}","templated":true}]}}