{"id":20915,"date":"2020-09-11T10:37:19","date_gmt":"2020-09-11T09:37:19","guid":{"rendered":"http:\/\/montreux-vieux.net\/?page_id=20915"},"modified":"2020-09-14T16:27:18","modified_gmt":"2020-09-14T15:27:18","slug":"20915-2","status":"publish","type":"page","link":"https:\/\/montreux-vieux.net\/?page_id=20915","title":{"rendered":"Iinauguration solennelle de la banni\u00e8re de notre soci\u00e9t\u00e9 de chant Eintracht,"},"content":{"rendered":"\n<p>Dimanche, le 7 juillet, aura lieu l&rsquo;inauguration solennelle de la banni\u00e8re de notre soci\u00e9t\u00e9 de chant Eintracht, avec le concours de soci\u00e9t\u00e9s \u00e9trang\u00e8res. La nouvelle banni\u00e8re est une pi\u00e8ce magnifique, dont la confection a co\u00fbt\u00e9 450 M.<\/p>\n\n\n\n<p>Sources\u00a0: Express 8 juin 1895<\/p>\n\n\n\n<p>Montreux-Vieux. \u2014 On nous &nbsp;\u00e9crit 1e 23 Notre&nbsp; Soci\u00e9i\u00e9 de musique et da chant Eintracht a fait installer hier un nouveau mobilier&nbsp; au 1er \u00e9tage de l\u2019auberge Munch, avec un piano ; ce qui prouve, une&nbsp; fois de plus, que notre pr\u00e9sident, M. Laibl\u00e9, est un homme d\u2019initiative et d\u2019exp\u00e9rience.<\/p>\n\n\n\n<p>Sources&nbsp;: Express 26 novembre 1895<\/p>\n","protected":false},"excerpt":{"rendered":"<p>Dimanche, le 7 juillet, aura lieu l&rsquo;inauguration solennelle de la banni\u00e8re de notre soci\u00e9t\u00e9 de chant Eintracht, avec le concours de soci\u00e9t\u00e9s \u00e9trang\u00e8res. La nouvelle banni\u00e8re est une pi\u00e8ce magnifique, dont la confection a co\u00fbt\u00e9 450 M. Sources\u00a0: Express 8 &hellip; <a href=\"https:\/\/montreux-vieux.net\/?page_id=20915\">Continuer la lecture <span class=\"meta-nav\">&rarr;<\/span><\/a><\/p>\n","protected":false},"author":1,"featured_media":0,"parent":12669,"menu_order":20,"comment_status":"closed","ping_status":"open","template":"","meta":{"footnotes":""},"class_list":["post-20915","page","type-page","status-publish","hentry"],"_links":{"self":[{"href":"https:\/\/montreux-vieux.net\/index.php?rest_route=\/wp\/v2\/pages\/20915","targetHints":{"allow":["GET"]}}],"collection":[{"href":"https:\/\/montreux-vieux.net\/index.php?rest_route=\/wp\/v2\/pages"}],"about":[{"href":"https:\/\/montreux-vieux.net\/index.php?rest_route=\/wp\/v2\/types\/page"}],"author":[{"embeddable":true,"href":"https:\/\/montreux-vieux.net\/index.php?rest_route=\/wp\/v2\/users\/1"}],"replies":[{"embeddable":true,"href":"https:\/\/montreux-vieux.net\/index.php?rest_route=%2Fwp%2Fv2%2Fcomments&post=20915"}],"version-history":[{"count":3,"href":"https:\/\/montreux-vieux.net\/index.php?rest_route=\/wp\/v2\/pages\/20915\/revisions"}],"predecessor-version":[{"id":20987,"href":"https:\/\/montreux-vieux.net\/index.php?rest_route=\/wp\/v2\/pages\/20915\/revisions\/20987"}],"up":[{"embeddable":true,"href":"https:\/\/montreux-vieux.net\/index.php?rest_route=\/wp\/v2\/pages\/12669"}],"wp:attachment":[{"href":"https:\/\/montreux-vieux.net\/index.php?rest_route=%2Fwp%2Fv2%2Fmedia&parent=20915"}],"curies":[{"name":"wp","href":"https:\/\/api.w.org\/{rel}","templated":true}]}}