{"id":20923,"date":"2020-09-11T10:52:31","date_gmt":"2020-09-11T09:52:31","guid":{"rendered":"http:\/\/montreux-vieux.net\/?page_id=20923"},"modified":"2020-09-11T10:52:31","modified_gmt":"2020-09-11T09:52:31","slug":"suicide-du-nomme-roesch","status":"publish","type":"page","link":"https:\/\/montreux-vieux.net\/?page_id=20923","title":{"rendered":"Suicide du nomm\u00e9 Roesch"},"content":{"rendered":"\n<p>Un nomm\u00e9 Roesch, \u00e2g\u00e9 de 39 ans, originaire de Morschwiller (Alsace), s\u2019est suicid\u00e9 dans une chambre attenant \u00e0 un restaurant de l\u2019avenue de la Gare, en se tirant un coup de revolver au c\u0153ur. On Ignore encore \u00e0 l\u2019heure qu\u2019elles sont les motifs de ce suicide; mais il n est pas \u00e0 supposer que ce soit la mis\u00e8re qui ait pouss\u00e9 Roesch \u00e0 cette triste- extr\u00e9mit\u00e9 car on a trouv\u00e9 sur lui une .montre et sa cha\u00eene en or ainsi qu&rsquo;une somme de 250 francs. Il avait essay\u00e9 plusieurs fois, ces temps derniers, de p\u00e9n\u00e9trer eu Alsace pour voir ses parents, mais s\u2019\u00e9tait chaque fois heurt\u00e9 contre l\u2019inflexibilit\u00e9 du commissaire de police allemande de Montreux-Vieux.Une enqu\u00eate est ouverte.<\/p>\n\n\n\n<p>Sources&nbsp;: L\u2019Autorit\u00e9 8 juillet 1890<\/p>\n","protected":false},"excerpt":{"rendered":"<p>Un nomm\u00e9 Roesch, \u00e2g\u00e9 de 39 ans, originaire de Morschwiller (Alsace), s\u2019est suicid\u00e9 dans une chambre attenant \u00e0 un restaurant de l\u2019avenue de la Gare, en se tirant un coup de revolver au c\u0153ur. On Ignore encore \u00e0 l\u2019heure qu\u2019elles &hellip; <a href=\"https:\/\/montreux-vieux.net\/?page_id=20923\">Continuer la lecture <span class=\"meta-nav\">&rarr;<\/span><\/a><\/p>\n","protected":false},"author":1,"featured_media":0,"parent":20403,"menu_order":40,"comment_status":"closed","ping_status":"open","template":"","meta":{"footnotes":""},"class_list":["post-20923","page","type-page","status-publish","hentry"],"_links":{"self":[{"href":"https:\/\/montreux-vieux.net\/index.php?rest_route=\/wp\/v2\/pages\/20923","targetHints":{"allow":["GET"]}}],"collection":[{"href":"https:\/\/montreux-vieux.net\/index.php?rest_route=\/wp\/v2\/pages"}],"about":[{"href":"https:\/\/montreux-vieux.net\/index.php?rest_route=\/wp\/v2\/types\/page"}],"author":[{"embeddable":true,"href":"https:\/\/montreux-vieux.net\/index.php?rest_route=\/wp\/v2\/users\/1"}],"replies":[{"embeddable":true,"href":"https:\/\/montreux-vieux.net\/index.php?rest_route=%2Fwp%2Fv2%2Fcomments&post=20923"}],"version-history":[{"count":1,"href":"https:\/\/montreux-vieux.net\/index.php?rest_route=\/wp\/v2\/pages\/20923\/revisions"}],"predecessor-version":[{"id":20924,"href":"https:\/\/montreux-vieux.net\/index.php?rest_route=\/wp\/v2\/pages\/20923\/revisions\/20924"}],"up":[{"embeddable":true,"href":"https:\/\/montreux-vieux.net\/index.php?rest_route=\/wp\/v2\/pages\/20403"}],"wp:attachment":[{"href":"https:\/\/montreux-vieux.net\/index.php?rest_route=%2Fwp%2Fv2%2Fmedia&parent=20923"}],"curies":[{"name":"wp","href":"https:\/\/api.w.org\/{rel}","templated":true}]}}