{"id":20926,"date":"2020-09-11T10:59:00","date_gmt":"2020-09-11T09:59:00","guid":{"rendered":"http:\/\/montreux-vieux.net\/?page_id=20926"},"modified":"2020-09-11T10:59:00","modified_gmt":"2020-09-11T09:59:00","slug":"un-cas-de-diphterie","status":"publish","type":"page","link":"https:\/\/montreux-vieux.net\/?page_id=20926","title":{"rendered":"Un cas de dipht\u00e9rie"},"content":{"rendered":"\n<p>Montreux-Vieux. \u2014 On nous \u00e9crit le 28: Un cas de dipht\u00e9rie s\u2019est d\u00e9clar\u00e9 sur un jeune gar\u00e7on de dix ans. Sons perdre de temps, le docteur Breinlinger a proc\u00e9d\u00e9 \u00e0 l&rsquo;inoculation du s\u00e9rum qui a produit de tr\u00e8s bons r\u00e9sultats. Il serait \u00e0 d\u00e9sirer que ce rem\u00e8de f\u00fbt plus vulgaris\u00e9. On a eu de la peine \u00e0 s&rsquo;en procurer et encore \u00e0 quel prix !<\/p>\n\n\n\n<p>Sources&nbsp;: Express 30 novembre 1894<\/p>\n","protected":false},"excerpt":{"rendered":"<p>Montreux-Vieux. \u2014 On nous \u00e9crit le 28: Un cas de dipht\u00e9rie s\u2019est d\u00e9clar\u00e9 sur un jeune gar\u00e7on de dix ans. Sons perdre de temps, le docteur Breinlinger a proc\u00e9d\u00e9 \u00e0 l&rsquo;inoculation du s\u00e9rum qui a produit de tr\u00e8s bons r\u00e9sultats. &hellip; <a href=\"https:\/\/montreux-vieux.net\/?page_id=20926\">Continuer la lecture <span class=\"meta-nav\">&rarr;<\/span><\/a><\/p>\n","protected":false},"author":1,"featured_media":0,"parent":13095,"menu_order":175,"comment_status":"closed","ping_status":"open","template":"","meta":{"footnotes":""},"class_list":["post-20926","page","type-page","status-publish","hentry"],"_links":{"self":[{"href":"https:\/\/montreux-vieux.net\/index.php?rest_route=\/wp\/v2\/pages\/20926","targetHints":{"allow":["GET"]}}],"collection":[{"href":"https:\/\/montreux-vieux.net\/index.php?rest_route=\/wp\/v2\/pages"}],"about":[{"href":"https:\/\/montreux-vieux.net\/index.php?rest_route=\/wp\/v2\/types\/page"}],"author":[{"embeddable":true,"href":"https:\/\/montreux-vieux.net\/index.php?rest_route=\/wp\/v2\/users\/1"}],"replies":[{"embeddable":true,"href":"https:\/\/montreux-vieux.net\/index.php?rest_route=%2Fwp%2Fv2%2Fcomments&post=20926"}],"version-history":[{"count":1,"href":"https:\/\/montreux-vieux.net\/index.php?rest_route=\/wp\/v2\/pages\/20926\/revisions"}],"predecessor-version":[{"id":20927,"href":"https:\/\/montreux-vieux.net\/index.php?rest_route=\/wp\/v2\/pages\/20926\/revisions\/20927"}],"up":[{"embeddable":true,"href":"https:\/\/montreux-vieux.net\/index.php?rest_route=\/wp\/v2\/pages\/13095"}],"wp:attachment":[{"href":"https:\/\/montreux-vieux.net\/index.php?rest_route=%2Fwp%2Fv2%2Fmedia&parent=20926"}],"curies":[{"name":"wp","href":"https:\/\/api.w.org\/{rel}","templated":true}]}}