{"id":20932,"date":"2020-09-12T09:37:41","date_gmt":"2020-09-12T08:37:41","guid":{"rendered":"http:\/\/montreux-vieux.net\/?page_id=20932"},"modified":"2020-09-12T09:37:41","modified_gmt":"2020-09-12T08:37:41","slug":"sur-la-frontiere-allemande","status":"publish","type":"page","link":"https:\/\/montreux-vieux.net\/?page_id=20932","title":{"rendered":"Sur la fronti\u00e8re allemande."},"content":{"rendered":"\n<p>Sur la fronti\u00e8re allemande. \u2014 Une aventure assez curieuse vient d\u2019arriver \u00e0 un n\u00e9gociant de Belfort qui se rendait \u00e0 Altkirch (Haute-Alsace), pour affaires. A Montreux-Vieux, premi\u00e8re gare allemande, le gendarme de service l&rsquo;arr\u00eata \u00e0 la sortie des voyageurs : \u2014 O\u00f9 allez-vous ? \u2014 A Altkirch, lui r\u00e9pondit le voyageur. \u2014 N\u2019\u00e8tes-vous pas un officier fran\u00e7ais ? Malgr\u00e9 une r\u00e9ponse n\u00e9gative de notre compatriote, le Pandore allemand s\u2019obstina \u00e0 voir en lui un officier et le n\u00e9gociant put remarquer pendant tout le temps qu\u2019il passa \u00e0 Altkirch, qu\u2019il \u00e9tait fil\u00e9 et son \u00ab fileur \u00bb ne le quitta que lorsqu\u2019il eut repris le train pour Belfort. Mais le plus dr\u00f4le de l\u2019affaire, c&rsquo;est que, pendant que le n\u00e9gociant belfortain parle mentait avec le gendarme, un officier en garnison \u00e0 Belfort, un officier authentique celui-l\u00e0, appel\u00e9 en Alsace par une grave maladie de sa m\u00e8re, profitait de la discussion et prenait tranquillement le train de Mulhouse sans que le cerb\u00e8re \u00e0 casque pointu p\u00fbt se douter qu\u2019il venait de l\u00e2cher la proie pour l\u2019ombre. Le n\u00e9gociant ne fut mis au courant de la m\u00e9prise du gendarme allemand par l\u2019officier que lorsque le train eut quitt\u00e9 la gare de Montreux-Vieux<\/p>\n\n\n\n<p>Sources&nbsp;: M\u00e9morial de la Loire et Haute Loire 7 mars 1893<\/p>\n","protected":false},"excerpt":{"rendered":"<p>Sur la fronti\u00e8re allemande. \u2014 Une aventure assez curieuse vient d\u2019arriver \u00e0 un n\u00e9gociant de Belfort qui se rendait \u00e0 Altkirch (Haute-Alsace), pour affaires. A Montreux-Vieux, premi\u00e8re gare allemande, le gendarme de service l&rsquo;arr\u00eata \u00e0 la sortie des voyageurs : &hellip; <a href=\"https:\/\/montreux-vieux.net\/?page_id=20932\">Continuer la lecture <span class=\"meta-nav\">&rarr;<\/span><\/a><\/p>\n","protected":false},"author":1,"featured_media":0,"parent":13044,"menu_order":670,"comment_status":"closed","ping_status":"open","template":"","meta":{"footnotes":""},"class_list":["post-20932","page","type-page","status-publish","hentry"],"_links":{"self":[{"href":"https:\/\/montreux-vieux.net\/index.php?rest_route=\/wp\/v2\/pages\/20932","targetHints":{"allow":["GET"]}}],"collection":[{"href":"https:\/\/montreux-vieux.net\/index.php?rest_route=\/wp\/v2\/pages"}],"about":[{"href":"https:\/\/montreux-vieux.net\/index.php?rest_route=\/wp\/v2\/types\/page"}],"author":[{"embeddable":true,"href":"https:\/\/montreux-vieux.net\/index.php?rest_route=\/wp\/v2\/users\/1"}],"replies":[{"embeddable":true,"href":"https:\/\/montreux-vieux.net\/index.php?rest_route=%2Fwp%2Fv2%2Fcomments&post=20932"}],"version-history":[{"count":1,"href":"https:\/\/montreux-vieux.net\/index.php?rest_route=\/wp\/v2\/pages\/20932\/revisions"}],"predecessor-version":[{"id":20933,"href":"https:\/\/montreux-vieux.net\/index.php?rest_route=\/wp\/v2\/pages\/20932\/revisions\/20933"}],"up":[{"embeddable":true,"href":"https:\/\/montreux-vieux.net\/index.php?rest_route=\/wp\/v2\/pages\/13044"}],"wp:attachment":[{"href":"https:\/\/montreux-vieux.net\/index.php?rest_route=%2Fwp%2Fv2%2Fmedia&parent=20932"}],"curies":[{"name":"wp","href":"https:\/\/api.w.org\/{rel}","templated":true}]}}