{"id":20935,"date":"2020-09-12T09:44:35","date_gmt":"2020-09-12T08:44:35","guid":{"rendered":"http:\/\/montreux-vieux.net\/?page_id=20935"},"modified":"2020-09-12T09:44:35","modified_gmt":"2020-09-12T08:44:35","slug":"instruction-primaire","status":"publish","type":"page","link":"https:\/\/montreux-vieux.net\/?page_id=20935","title":{"rendered":"Instruction primaire"},"content":{"rendered":"\n<p>Instruction primaire. \u2014 Sont d\u00e9finitivement nomm\u00e9s dans la Haute Alsace : les instituteurs Haberthur \u00e0 Mulhouse, Iltis \u00e0 Neudor (pr\u00e8s de Huningue) Erhar &nbsp;\u00e0 Bruckerswilier, Erny \u00e0 Nei-willer, Weiss&nbsp; \u00e0 Montreux-Vieux ; les institutrices Meyer et Karm \u00e0 Mulhouse<\/p>\n\n\n\n<p>Sources&nbsp;: Express 8 ao\u00fbt 1889<\/p>\n","protected":false},"excerpt":{"rendered":"<p>Instruction primaire. \u2014 Sont d\u00e9finitivement nomm\u00e9s dans la Haute Alsace : les instituteurs Haberthur \u00e0 Mulhouse, Iltis \u00e0 Neudor (pr\u00e8s de Huningue) Erhar &nbsp;\u00e0 Bruckerswilier, Erny \u00e0 Nei-willer, Weiss&nbsp; \u00e0 Montreux-Vieux ; les institutrices Meyer et Karm \u00e0 Mulhouse Sources&nbsp;: &hellip; <a href=\"https:\/\/montreux-vieux.net\/?page_id=20935\">Continuer la lecture <span class=\"meta-nav\">&rarr;<\/span><\/a><\/p>\n","protected":false},"author":1,"featured_media":0,"parent":12826,"menu_order":65,"comment_status":"closed","ping_status":"open","template":"","meta":{"footnotes":""},"class_list":["post-20935","page","type-page","status-publish","hentry"],"_links":{"self":[{"href":"https:\/\/montreux-vieux.net\/index.php?rest_route=\/wp\/v2\/pages\/20935","targetHints":{"allow":["GET"]}}],"collection":[{"href":"https:\/\/montreux-vieux.net\/index.php?rest_route=\/wp\/v2\/pages"}],"about":[{"href":"https:\/\/montreux-vieux.net\/index.php?rest_route=\/wp\/v2\/types\/page"}],"author":[{"embeddable":true,"href":"https:\/\/montreux-vieux.net\/index.php?rest_route=\/wp\/v2\/users\/1"}],"replies":[{"embeddable":true,"href":"https:\/\/montreux-vieux.net\/index.php?rest_route=%2Fwp%2Fv2%2Fcomments&post=20935"}],"version-history":[{"count":1,"href":"https:\/\/montreux-vieux.net\/index.php?rest_route=\/wp\/v2\/pages\/20935\/revisions"}],"predecessor-version":[{"id":20936,"href":"https:\/\/montreux-vieux.net\/index.php?rest_route=\/wp\/v2\/pages\/20935\/revisions\/20936"}],"up":[{"embeddable":true,"href":"https:\/\/montreux-vieux.net\/index.php?rest_route=\/wp\/v2\/pages\/12826"}],"wp:attachment":[{"href":"https:\/\/montreux-vieux.net\/index.php?rest_route=%2Fwp%2Fv2%2Fmedia&parent=20935"}],"curies":[{"name":"wp","href":"https:\/\/api.w.org\/{rel}","templated":true}]}}