{"id":20951,"date":"2020-09-13T09:25:22","date_gmt":"2020-09-13T08:25:22","guid":{"rendered":"http:\/\/montreux-vieux.net\/?page_id=20951"},"modified":"2020-09-13T09:25:22","modified_gmt":"2020-09-13T08:25:22","slug":"une-vache-bon-marche","status":"publish","type":"page","link":"https:\/\/montreux-vieux.net\/?page_id=20951","title":{"rendered":"Une vache bon march\u00e9"},"content":{"rendered":"\n<p>MONTREUX-VIEUX, 6 nov. &#8211; Plusieurs bouchers des environs se fournissent en France de quartiers de viande ou d&rsquo;animaux vivants qui sont amen\u00e9s sur territoire allemand apr\u00e8s avoir \u00e9t\u00e9 soumis \u00e0 la fronti\u00e8re \u00e0 inspection du v\u00e9t\u00e9rinaire. R\u00e9cemment, un boucher d\u2019une petite ville achetait dans une localit\u00e9 voisine, en France, une vache dont on voyait les os \u00e9merger sous la peau et qu\u2019il avait pay\u00e9e 150 fr. Mais le v\u00e9t\u00e9rinaire, \u00e0 la douane, d\u00e9clara malsaine la viande de l\u2019animal qui fut enfouie. Le boucher, ayant refus\u00e9 de payer le prix convenu pour la vache, fut actionn\u00e9 en justice par son vendeur. L\u2019Amtsgericht d\u00e9bouta ce dernier, qui interjeta appel. Le tribunal civil de Mulhouse cassa le premier jugement et condamna le boucher \u00e0 payer, parce que le march\u00e9 avait \u00e9t\u00e9 conclu ferme et sans conditions. Avec les frais, le boucher a d\u00e9bours\u00e9 400 M. pour la vache maigre, qu&rsquo;il avait achet\u00e9e si bon march\u00e9<\/p>\n\n\n\n<p>Sources\u00a0: Express 8 novembre 1906<\/p>\n","protected":false},"excerpt":{"rendered":"<p>MONTREUX-VIEUX, 6 nov. &#8211; Plusieurs bouchers des environs se fournissent en France de quartiers de viande ou d&rsquo;animaux vivants qui sont amen\u00e9s sur territoire allemand apr\u00e8s avoir \u00e9t\u00e9 soumis \u00e0 la fronti\u00e8re \u00e0 inspection du v\u00e9t\u00e9rinaire. R\u00e9cemment, un boucher d\u2019une &hellip; <a href=\"https:\/\/montreux-vieux.net\/?page_id=20951\">Continuer la lecture <span class=\"meta-nav\">&rarr;<\/span><\/a><\/p>\n","protected":false},"author":1,"featured_media":0,"parent":13095,"menu_order":180,"comment_status":"closed","ping_status":"open","template":"","meta":{"footnotes":""},"class_list":["post-20951","page","type-page","status-publish","hentry"],"_links":{"self":[{"href":"https:\/\/montreux-vieux.net\/index.php?rest_route=\/wp\/v2\/pages\/20951","targetHints":{"allow":["GET"]}}],"collection":[{"href":"https:\/\/montreux-vieux.net\/index.php?rest_route=\/wp\/v2\/pages"}],"about":[{"href":"https:\/\/montreux-vieux.net\/index.php?rest_route=\/wp\/v2\/types\/page"}],"author":[{"embeddable":true,"href":"https:\/\/montreux-vieux.net\/index.php?rest_route=\/wp\/v2\/users\/1"}],"replies":[{"embeddable":true,"href":"https:\/\/montreux-vieux.net\/index.php?rest_route=%2Fwp%2Fv2%2Fcomments&post=20951"}],"version-history":[{"count":1,"href":"https:\/\/montreux-vieux.net\/index.php?rest_route=\/wp\/v2\/pages\/20951\/revisions"}],"predecessor-version":[{"id":20952,"href":"https:\/\/montreux-vieux.net\/index.php?rest_route=\/wp\/v2\/pages\/20951\/revisions\/20952"}],"up":[{"embeddable":true,"href":"https:\/\/montreux-vieux.net\/index.php?rest_route=\/wp\/v2\/pages\/13095"}],"wp:attachment":[{"href":"https:\/\/montreux-vieux.net\/index.php?rest_route=%2Fwp%2Fv2%2Fmedia&parent=20951"}],"curies":[{"name":"wp","href":"https:\/\/api.w.org\/{rel}","templated":true}]}}