{"id":20954,"date":"2020-09-13T09:31:19","date_gmt":"2020-09-13T08:31:19","guid":{"rendered":"http:\/\/montreux-vieux.net\/?page_id=20954"},"modified":"2020-09-13T09:31:19","modified_gmt":"2020-09-13T08:31:19","slug":"le-prisonnier-prend-la-clef-des-champs","status":"publish","type":"page","link":"https:\/\/montreux-vieux.net\/?page_id=20954","title":{"rendered":"Le prisonnier prend la clef des champs"},"content":{"rendered":"\n<p>Le nomm\u00e9 Georges Schuh, de Colmar, qui avait \u00e9t\u00e9 arr\u00eat\u00e9, il y a quelques jours, par la gendarmerie de Montreux-Vieux, an moment o\u00f9 il voulait passer la fronti\u00e8re, a \u00e9t\u00e9 amen\u00e9 ce matin par un agent en civil, qui avait n\u00e9glig\u00e9 de lui mettre les menottes. Pendant le trajet de la gare \u00e0 la prison, le mauvais dr\u00f4le a pris la clef des champs et n\u2019a pu \u00eatre repinc\u00e9 jusqu&rsquo;\u00e0 pr\u00e9sent, maigre les recherches les plus actives.<\/p>\n\n\n\n<p>Sources&nbsp;: Express 31 mai 1892<\/p>\n","protected":false},"excerpt":{"rendered":"<p>Le nomm\u00e9 Georges Schuh, de Colmar, qui avait \u00e9t\u00e9 arr\u00eat\u00e9, il y a quelques jours, par la gendarmerie de Montreux-Vieux, an moment o\u00f9 il voulait passer la fronti\u00e8re, a \u00e9t\u00e9 amen\u00e9 ce matin par un agent en civil, qui avait &hellip; <a href=\"https:\/\/montreux-vieux.net\/?page_id=20954\">Continuer la lecture <span class=\"meta-nav\">&rarr;<\/span><\/a><\/p>\n","protected":false},"author":1,"featured_media":0,"parent":13044,"menu_order":675,"comment_status":"closed","ping_status":"open","template":"","meta":{"footnotes":""},"class_list":["post-20954","page","type-page","status-publish","hentry"],"_links":{"self":[{"href":"https:\/\/montreux-vieux.net\/index.php?rest_route=\/wp\/v2\/pages\/20954","targetHints":{"allow":["GET"]}}],"collection":[{"href":"https:\/\/montreux-vieux.net\/index.php?rest_route=\/wp\/v2\/pages"}],"about":[{"href":"https:\/\/montreux-vieux.net\/index.php?rest_route=\/wp\/v2\/types\/page"}],"author":[{"embeddable":true,"href":"https:\/\/montreux-vieux.net\/index.php?rest_route=\/wp\/v2\/users\/1"}],"replies":[{"embeddable":true,"href":"https:\/\/montreux-vieux.net\/index.php?rest_route=%2Fwp%2Fv2%2Fcomments&post=20954"}],"version-history":[{"count":1,"href":"https:\/\/montreux-vieux.net\/index.php?rest_route=\/wp\/v2\/pages\/20954\/revisions"}],"predecessor-version":[{"id":20955,"href":"https:\/\/montreux-vieux.net\/index.php?rest_route=\/wp\/v2\/pages\/20954\/revisions\/20955"}],"up":[{"embeddable":true,"href":"https:\/\/montreux-vieux.net\/index.php?rest_route=\/wp\/v2\/pages\/13044"}],"wp:attachment":[{"href":"https:\/\/montreux-vieux.net\/index.php?rest_route=%2Fwp%2Fv2%2Fmedia&parent=20954"}],"curies":[{"name":"wp","href":"https:\/\/api.w.org\/{rel}","templated":true}]}}