{"id":20957,"date":"2020-09-13T09:38:44","date_gmt":"2020-09-13T08:38:44","guid":{"rendered":"http:\/\/montreux-vieux.net\/?page_id=20957"},"modified":"2020-09-13T09:38:44","modified_gmt":"2020-09-13T08:38:44","slug":"la-becane-confisquee","status":"publish","type":"page","link":"https:\/\/montreux-vieux.net\/?page_id=20957","title":{"rendered":"La b\u00e9cane confisqu\u00e9e"},"content":{"rendered":"\n<p>Hiniger Louis. 38 ans\u00bb journalier \u00e0 Montreux-Vieux (Ht-Rhin)\u00a0\u00a0 a \u00a0\u00e9t\u00e9 l&rsquo;objet d&rsquo;un proc\u00e8s-verbal pour d\u00e9faut de plaque d&rsquo;identit\u00e9 \u00e0 son v\u00e9lo qui \u00e9tait en outre d\u00e9pourvu de plaque de contr\u00f4le.<\/p>\n\n\n\n<p>Et comme il n&rsquo;a pu r\u00e9gler sur le champ les contributions, la b\u00e9cane a \u00e9t\u00e9 momentan\u00e9ment saisie<\/p>\n\n\n\n<p>Sources&nbsp;: Le R\u00e9publicain de Belfort 27 juillet 1929<\/p>\n","protected":false},"excerpt":{"rendered":"<p>Hiniger Louis. 38 ans\u00bb journalier \u00e0 Montreux-Vieux (Ht-Rhin)\u00a0\u00a0 a \u00a0\u00e9t\u00e9 l&rsquo;objet d&rsquo;un proc\u00e8s-verbal pour d\u00e9faut de plaque d&rsquo;identit\u00e9 \u00e0 son v\u00e9lo qui \u00e9tait en outre d\u00e9pourvu de plaque de contr\u00f4le. Et comme il n&rsquo;a pu r\u00e9gler sur le champ les &hellip; <a href=\"https:\/\/montreux-vieux.net\/?page_id=20957\">Continuer la lecture <span class=\"meta-nav\">&rarr;<\/span><\/a><\/p>\n","protected":false},"author":1,"featured_media":0,"parent":13044,"menu_order":680,"comment_status":"closed","ping_status":"open","template":"","meta":{"footnotes":""},"class_list":["post-20957","page","type-page","status-publish","hentry"],"_links":{"self":[{"href":"https:\/\/montreux-vieux.net\/index.php?rest_route=\/wp\/v2\/pages\/20957","targetHints":{"allow":["GET"]}}],"collection":[{"href":"https:\/\/montreux-vieux.net\/index.php?rest_route=\/wp\/v2\/pages"}],"about":[{"href":"https:\/\/montreux-vieux.net\/index.php?rest_route=\/wp\/v2\/types\/page"}],"author":[{"embeddable":true,"href":"https:\/\/montreux-vieux.net\/index.php?rest_route=\/wp\/v2\/users\/1"}],"replies":[{"embeddable":true,"href":"https:\/\/montreux-vieux.net\/index.php?rest_route=%2Fwp%2Fv2%2Fcomments&post=20957"}],"version-history":[{"count":1,"href":"https:\/\/montreux-vieux.net\/index.php?rest_route=\/wp\/v2\/pages\/20957\/revisions"}],"predecessor-version":[{"id":20958,"href":"https:\/\/montreux-vieux.net\/index.php?rest_route=\/wp\/v2\/pages\/20957\/revisions\/20958"}],"up":[{"embeddable":true,"href":"https:\/\/montreux-vieux.net\/index.php?rest_route=\/wp\/v2\/pages\/13044"}],"wp:attachment":[{"href":"https:\/\/montreux-vieux.net\/index.php?rest_route=%2Fwp%2Fv2%2Fmedia&parent=20957"}],"curies":[{"name":"wp","href":"https:\/\/api.w.org\/{rel}","templated":true}]}}