{"id":20961,"date":"2020-09-14T10:41:56","date_gmt":"2020-09-14T09:41:56","guid":{"rendered":"http:\/\/montreux-vieux.net\/?page_id=20961"},"modified":"2020-09-14T10:41:56","modified_gmt":"2020-09-14T09:41:56","slug":"expulsion-du-soldat-francais-en-uniforme","status":"publish","type":"page","link":"https:\/\/montreux-vieux.net\/?page_id=20961","title":{"rendered":"Expulsion du soldat fran\u00e7ais en uniforme"},"content":{"rendered":"\n<p>MONTREUX-VIEUX, 20 mai. \u2014 Un soldat d\u2019infanterie de Belfort, en uniforme, descendait dimanche du train \u00e0 Montreux-Vieux et se disposait \u00e0 entrer au buffet de la gare. Arr\u00eat\u00e9 par le commissaire de service, le soldat insista pour aller au buffet, disant qu\u2019il avait fait avec des camarades le pari d\u2019acheter des cigares sur territoire allemand, en uniforme. Le commissaire fit rebrousser chemin au militaire et avertit son coll\u00e8gue de Petit-Croix. Celui-ci adressa son rapport \u00e0 la place de Belfort. Le soldat a \u00e9t\u00e9 puni de quelques jours de salle de police.<\/p>\n\n\n\n<p>Sources&nbsp;: Express 21 mai 1913<\/p>\n","protected":false},"excerpt":{"rendered":"<p>MONTREUX-VIEUX, 20 mai. \u2014 Un soldat d\u2019infanterie de Belfort, en uniforme, descendait dimanche du train \u00e0 Montreux-Vieux et se disposait \u00e0 entrer au buffet de la gare. Arr\u00eat\u00e9 par le commissaire de service, le soldat insista pour aller au buffet, &hellip; <a href=\"https:\/\/montreux-vieux.net\/?page_id=20961\">Continuer la lecture <span class=\"meta-nav\">&rarr;<\/span><\/a><\/p>\n","protected":false},"author":1,"featured_media":0,"parent":20403,"menu_order":45,"comment_status":"closed","ping_status":"open","template":"","meta":{"footnotes":""},"class_list":["post-20961","page","type-page","status-publish","hentry"],"_links":{"self":[{"href":"https:\/\/montreux-vieux.net\/index.php?rest_route=\/wp\/v2\/pages\/20961","targetHints":{"allow":["GET"]}}],"collection":[{"href":"https:\/\/montreux-vieux.net\/index.php?rest_route=\/wp\/v2\/pages"}],"about":[{"href":"https:\/\/montreux-vieux.net\/index.php?rest_route=\/wp\/v2\/types\/page"}],"author":[{"embeddable":true,"href":"https:\/\/montreux-vieux.net\/index.php?rest_route=\/wp\/v2\/users\/1"}],"replies":[{"embeddable":true,"href":"https:\/\/montreux-vieux.net\/index.php?rest_route=%2Fwp%2Fv2%2Fcomments&post=20961"}],"version-history":[{"count":1,"href":"https:\/\/montreux-vieux.net\/index.php?rest_route=\/wp\/v2\/pages\/20961\/revisions"}],"predecessor-version":[{"id":20962,"href":"https:\/\/montreux-vieux.net\/index.php?rest_route=\/wp\/v2\/pages\/20961\/revisions\/20962"}],"up":[{"embeddable":true,"href":"https:\/\/montreux-vieux.net\/index.php?rest_route=\/wp\/v2\/pages\/20403"}],"wp:attachment":[{"href":"https:\/\/montreux-vieux.net\/index.php?rest_route=%2Fwp%2Fv2%2Fmedia&parent=20961"}],"curies":[{"name":"wp","href":"https:\/\/api.w.org\/{rel}","templated":true}]}}