{"id":21008,"date":"2020-09-17T16:26:27","date_gmt":"2020-09-17T15:26:27","guid":{"rendered":"http:\/\/montreux-vieux.net\/?page_id=21008"},"modified":"2020-09-17T16:26:27","modified_gmt":"2020-09-17T15:26:27","slug":"contrebande-de-saccharine","status":"publish","type":"page","link":"https:\/\/montreux-vieux.net\/?page_id=21008","title":{"rendered":"Contrebande de saccharine"},"content":{"rendered":"\n<p>MONTREUX-VIEUX, 9 d\u00e9c. \u2014 L\u2019administration du chemin de fer a pris des mesures pour pr\u00e9venir la contrebande de la saccharine. &nbsp;Les compartiments des voitures sont visit\u00e9s soigneusement aux gares-fronti\u00e8res. L&#8217;employ\u00e9 charge de cette v\u00e9rification a pu saisir r\u00e9cemment ici plusieurs paquets de saccharine&nbsp; dans le wagon-restaurant du train de B\u00e2le-Montreux Vieux.<\/p>\n\n\n\n<p>Sources&nbsp;: Express 11 d\u00e9cembre 1911<\/p>\n","protected":false},"excerpt":{"rendered":"<p>MONTREUX-VIEUX, 9 d\u00e9c. \u2014 L\u2019administration du chemin de fer a pris des mesures pour pr\u00e9venir la contrebande de la saccharine. &nbsp;Les compartiments des voitures sont visit\u00e9s soigneusement aux gares-fronti\u00e8res. L&#8217;employ\u00e9 charge de cette v\u00e9rification a pu saisir r\u00e9cemment ici plusieurs &hellip; <a href=\"https:\/\/montreux-vieux.net\/?page_id=21008\">Continuer la lecture <span class=\"meta-nav\">&rarr;<\/span><\/a><\/p>\n","protected":false},"author":1,"featured_media":0,"parent":13013,"menu_order":105,"comment_status":"closed","ping_status":"open","template":"","meta":{"footnotes":""},"class_list":["post-21008","page","type-page","status-publish","hentry"],"_links":{"self":[{"href":"https:\/\/montreux-vieux.net\/index.php?rest_route=\/wp\/v2\/pages\/21008","targetHints":{"allow":["GET"]}}],"collection":[{"href":"https:\/\/montreux-vieux.net\/index.php?rest_route=\/wp\/v2\/pages"}],"about":[{"href":"https:\/\/montreux-vieux.net\/index.php?rest_route=\/wp\/v2\/types\/page"}],"author":[{"embeddable":true,"href":"https:\/\/montreux-vieux.net\/index.php?rest_route=\/wp\/v2\/users\/1"}],"replies":[{"embeddable":true,"href":"https:\/\/montreux-vieux.net\/index.php?rest_route=%2Fwp%2Fv2%2Fcomments&post=21008"}],"version-history":[{"count":1,"href":"https:\/\/montreux-vieux.net\/index.php?rest_route=\/wp\/v2\/pages\/21008\/revisions"}],"predecessor-version":[{"id":21009,"href":"https:\/\/montreux-vieux.net\/index.php?rest_route=\/wp\/v2\/pages\/21008\/revisions\/21009"}],"up":[{"embeddable":true,"href":"https:\/\/montreux-vieux.net\/index.php?rest_route=\/wp\/v2\/pages\/13013"}],"wp:attachment":[{"href":"https:\/\/montreux-vieux.net\/index.php?rest_route=%2Fwp%2Fv2%2Fmedia&parent=21008"}],"curies":[{"name":"wp","href":"https:\/\/api.w.org\/{rel}","templated":true}]}}