{"id":21017,"date":"2020-09-17T16:48:27","date_gmt":"2020-09-17T15:48:27","guid":{"rendered":"http:\/\/montreux-vieux.net\/?page_id=21017"},"modified":"2020-09-17T16:48:38","modified_gmt":"2020-09-17T15:48:38","slug":"incendie-chez-m-pourre-jean-pierre","status":"publish","type":"page","link":"https:\/\/montreux-vieux.net\/?page_id=21017","title":{"rendered":"Incendie chez M. Pourre Jean Pierre"},"content":{"rendered":"\n<p>MONTREUX-VIEUX Incendie. \u2014 Dans la matin\u00e9e de lundi, le feu a \u00e9clat\u00e9 dans la m\u00e9tairie de M. Jean Pierre Pourre facteur en retraite. La grange ou se trouvaient accumul\u00e9es les r\u00e9coltes de l\u2019ann\u00e9e, flamba, et .l\u2019incendie s\u2019\u00e9tendait\u00a0 sur les deux corps de logis qui enserrent le fenil. Les sapeurs-pompiers de Montreux-Vieux arriv\u00e8rent en h\u00e2te sur les lieux. Gr\u00e2ce \u00e0 leur activit\u00e9, le sinistre put \u00eatre circonscrit; Un sauveteur, M Morette, fut assez gri\u00e8vement bless\u00e9, dupant les op\u00e9rations, par une poutre enflamm\u00e9e. La cause du sinistre serait due \u00e0 un court-circuit.<\/p>\n\n\n\n<p>Sources&nbsp;: L\u2019Express de Mulhouse 20 ao\u00fbt 1936<\/p>\n","protected":false},"excerpt":{"rendered":"<p>MONTREUX-VIEUX Incendie. \u2014 Dans la matin\u00e9e de lundi, le feu a \u00e9clat\u00e9 dans la m\u00e9tairie de M. Jean Pierre Pourre facteur en retraite. La grange ou se trouvaient accumul\u00e9es les r\u00e9coltes de l\u2019ann\u00e9e, flamba, et .l\u2019incendie s\u2019\u00e9tendait\u00a0 sur les deux &hellip; <a href=\"https:\/\/montreux-vieux.net\/?page_id=21017\">Continuer la lecture <span class=\"meta-nav\">&rarr;<\/span><\/a><\/p>\n","protected":false},"author":1,"featured_media":0,"parent":4107,"menu_order":45,"comment_status":"closed","ping_status":"open","template":"","meta":{"footnotes":""},"class_list":["post-21017","page","type-page","status-publish","hentry"],"_links":{"self":[{"href":"https:\/\/montreux-vieux.net\/index.php?rest_route=\/wp\/v2\/pages\/21017","targetHints":{"allow":["GET"]}}],"collection":[{"href":"https:\/\/montreux-vieux.net\/index.php?rest_route=\/wp\/v2\/pages"}],"about":[{"href":"https:\/\/montreux-vieux.net\/index.php?rest_route=\/wp\/v2\/types\/page"}],"author":[{"embeddable":true,"href":"https:\/\/montreux-vieux.net\/index.php?rest_route=\/wp\/v2\/users\/1"}],"replies":[{"embeddable":true,"href":"https:\/\/montreux-vieux.net\/index.php?rest_route=%2Fwp%2Fv2%2Fcomments&post=21017"}],"version-history":[{"count":2,"href":"https:\/\/montreux-vieux.net\/index.php?rest_route=\/wp\/v2\/pages\/21017\/revisions"}],"predecessor-version":[{"id":21019,"href":"https:\/\/montreux-vieux.net\/index.php?rest_route=\/wp\/v2\/pages\/21017\/revisions\/21019"}],"up":[{"embeddable":true,"href":"https:\/\/montreux-vieux.net\/index.php?rest_route=\/wp\/v2\/pages\/4107"}],"wp:attachment":[{"href":"https:\/\/montreux-vieux.net\/index.php?rest_route=%2Fwp%2Fv2%2Fmedia&parent=21017"}],"curies":[{"name":"wp","href":"https:\/\/api.w.org\/{rel}","templated":true}]}}