{"id":21021,"date":"2020-09-17T17:07:00","date_gmt":"2020-09-17T16:07:00","guid":{"rendered":"http:\/\/montreux-vieux.net\/?page_id=21021"},"modified":"2020-09-17T17:11:32","modified_gmt":"2020-09-17T16:11:32","slug":"vexations-allemandes","status":"publish","type":"page","link":"https:\/\/montreux-vieux.net\/?page_id=21021","title":{"rendered":"Vexations Allemandes"},"content":{"rendered":"\n<p>Belfort 1 er ao\u00fbt. Trois enfants Internes au Lyc\u00e9e rentraient dans leur famille, \u00e0 Hombourg Allemagne. Deux d&rsquo;entre eux avaient un passeport, le troisi\u00e8me une \u00ab pass-karte \u00bb, d\u00e9livr\u00e9e par le maire de cette ville. Tous trois avaient leur billet direct pour Strasbourg.<\/p>\n\n\n\n<p>Arriv\u00e9s \u00e0 la gare fronti\u00e8re de Montreux-Vieux, l&rsquo;in\u00e9vitable commissaire sp\u00e9cial requit les laisser-passer. Ceux des gamins qui \u00e9taient munis de passeport purent se rendre dans la salle d&rsquo;attente. Le troisi\u00e8me, au contraire, se vit rudement repousser, alors que ses papiers \u00e9taient parfaitement en r\u00e8gle. Un d\u00e9tail odieux, le commissaire sp\u00e9cial lui confisqua son billet, et le pauvre petit d\u00e9pouill\u00e9 du revenir piteusement \u00e0 Petit-Croix, d&rsquo;o\u00f9 le chef de gare, plus humain, le fit rapatrier \u00e0 Belfort.<\/p>\n\n\n\n<p>Ce qui aggrave encore l&rsquo;odieux de ce proc\u00e9d\u00e9, c&rsquo;est que le petit est orphelin de p\u00e8re et de m\u00e8re, et les parents de ses deux petits condisciples l&rsquo;avaient invit\u00e9 \u00e0 aller passer ses vacances aupr\u00e8s d&rsquo;eux \u00e0 Hombourg.<\/p>\n\n\n\n<p>On s&rsquo;explique les vexations \u00e0 l&rsquo;\u00e9gard de grandes personnes, mais en rendre victimes des enfants qui n&rsquo;ont pas m\u00eame quatorze ans d\u00e9passe la mesure<\/p>\n\n\n\n<p>Sources Le Petit Parisien&nbsp; 3 ao\u00fbt 1889<\/p>\n","protected":false},"excerpt":{"rendered":"<p>Belfort 1 er ao\u00fbt. Trois enfants Internes au Lyc\u00e9e rentraient dans leur famille, \u00e0 Hombourg Allemagne. Deux d&rsquo;entre eux avaient un passeport, le troisi\u00e8me une \u00ab pass-karte \u00bb, d\u00e9livr\u00e9e par le maire de cette ville. Tous trois avaient leur billet &hellip; <a href=\"https:\/\/montreux-vieux.net\/?page_id=21021\">Continuer la lecture <span class=\"meta-nav\">&rarr;<\/span><\/a><\/p>\n","protected":false},"author":1,"featured_media":0,"parent":20403,"menu_order":50,"comment_status":"closed","ping_status":"open","template":"","meta":{"footnotes":""},"class_list":["post-21021","page","type-page","status-publish","hentry"],"_links":{"self":[{"href":"https:\/\/montreux-vieux.net\/index.php?rest_route=\/wp\/v2\/pages\/21021","targetHints":{"allow":["GET"]}}],"collection":[{"href":"https:\/\/montreux-vieux.net\/index.php?rest_route=\/wp\/v2\/pages"}],"about":[{"href":"https:\/\/montreux-vieux.net\/index.php?rest_route=\/wp\/v2\/types\/page"}],"author":[{"embeddable":true,"href":"https:\/\/montreux-vieux.net\/index.php?rest_route=\/wp\/v2\/users\/1"}],"replies":[{"embeddable":true,"href":"https:\/\/montreux-vieux.net\/index.php?rest_route=%2Fwp%2Fv2%2Fcomments&post=21021"}],"version-history":[{"count":2,"href":"https:\/\/montreux-vieux.net\/index.php?rest_route=\/wp\/v2\/pages\/21021\/revisions"}],"predecessor-version":[{"id":21025,"href":"https:\/\/montreux-vieux.net\/index.php?rest_route=\/wp\/v2\/pages\/21021\/revisions\/21025"}],"up":[{"embeddable":true,"href":"https:\/\/montreux-vieux.net\/index.php?rest_route=\/wp\/v2\/pages\/20403"}],"wp:attachment":[{"href":"https:\/\/montreux-vieux.net\/index.php?rest_route=%2Fwp%2Fv2%2Fmedia&parent=21021"}],"curies":[{"name":"wp","href":"https:\/\/api.w.org\/{rel}","templated":true}]}}