{"id":21032,"date":"2020-09-18T16:09:50","date_gmt":"2020-09-18T15:09:50","guid":{"rendered":"http:\/\/montreux-vieux.net\/?page_id=21032"},"modified":"2020-09-18T16:09:50","modified_gmt":"2020-09-18T15:09:50","slug":"3-doigts-coupes","status":"publish","type":"page","link":"https:\/\/montreux-vieux.net\/?page_id=21032","title":{"rendered":"3 doigts coup\u00e9s"},"content":{"rendered":"\n<p>L\u2019autre jour, le fils de l\u2019entrepreneur G., actuellement sous les drapeaux, en travaillant \u00e0 la soie circulaire dans l\u2019atelier de son p\u00e8re, s\u2019est gri\u00e8vement bless\u00e9 \u00e0 la main gauche. Il a eu 3 doigts coup\u00e9s nets. On le transporta de suite \u00e0 l\u2019h\u00f4pital.&nbsp;<\/p>\n\n\n\n<p>Sources&nbsp;: L\u2019Express 6 janvier 1923<\/p>\n","protected":false},"excerpt":{"rendered":"<p>L\u2019autre jour, le fils de l\u2019entrepreneur G., actuellement sous les drapeaux, en travaillant \u00e0 la soie circulaire dans l\u2019atelier de son p\u00e8re, s\u2019est gri\u00e8vement bless\u00e9 \u00e0 la main gauche. Il a eu 3 doigts coup\u00e9s nets. On le transporta de &hellip; <a href=\"https:\/\/montreux-vieux.net\/?page_id=21032\">Continuer la lecture <span class=\"meta-nav\">&rarr;<\/span><\/a><\/p>\n","protected":false},"author":1,"featured_media":0,"parent":13044,"menu_order":695,"comment_status":"closed","ping_status":"open","template":"","meta":{"footnotes":""},"class_list":["post-21032","page","type-page","status-publish","hentry"],"_links":{"self":[{"href":"https:\/\/montreux-vieux.net\/index.php?rest_route=\/wp\/v2\/pages\/21032","targetHints":{"allow":["GET"]}}],"collection":[{"href":"https:\/\/montreux-vieux.net\/index.php?rest_route=\/wp\/v2\/pages"}],"about":[{"href":"https:\/\/montreux-vieux.net\/index.php?rest_route=\/wp\/v2\/types\/page"}],"author":[{"embeddable":true,"href":"https:\/\/montreux-vieux.net\/index.php?rest_route=\/wp\/v2\/users\/1"}],"replies":[{"embeddable":true,"href":"https:\/\/montreux-vieux.net\/index.php?rest_route=%2Fwp%2Fv2%2Fcomments&post=21032"}],"version-history":[{"count":1,"href":"https:\/\/montreux-vieux.net\/index.php?rest_route=\/wp\/v2\/pages\/21032\/revisions"}],"predecessor-version":[{"id":21033,"href":"https:\/\/montreux-vieux.net\/index.php?rest_route=\/wp\/v2\/pages\/21032\/revisions\/21033"}],"up":[{"embeddable":true,"href":"https:\/\/montreux-vieux.net\/index.php?rest_route=\/wp\/v2\/pages\/13044"}],"wp:attachment":[{"href":"https:\/\/montreux-vieux.net\/index.php?rest_route=%2Fwp%2Fv2%2Fmedia&parent=21032"}],"curies":[{"name":"wp","href":"https:\/\/api.w.org\/{rel}","templated":true}]}}