{"id":21035,"date":"2020-09-18T16:17:42","date_gmt":"2020-09-18T15:17:42","guid":{"rendered":"http:\/\/montreux-vieux.net\/?page_id=21035"},"modified":"2020-09-18T16:17:42","modified_gmt":"2020-09-18T15:17:42","slug":"port-darme-prohibe","status":"publish","type":"page","link":"https:\/\/montreux-vieux.net\/?page_id=21035","title":{"rendered":"Port d&rsquo;arme prohib\u00e9"},"content":{"rendered":"\n<p>Audience du 24 sept. 1909 Le n\u00e9gociant Siegfried Wassermann, de Mannheim. a \u00e9t\u00e9 trouv\u00e9 porteur d\u2019un revolver en juillet dernier \u00e0 Montreux-Vieux. Il a \u00e9t\u00e9 condamn\u00e9, pour port d\u2019arme prohib\u00e9, \u00e0 10 M. d\u2019amende ou 2 jours de prison.<\/p>\n\n\n\n<p>Sources&nbsp;: Express 27 septembre 1909<\/p>\n","protected":false},"excerpt":{"rendered":"<p>Audience du 24 sept. 1909 Le n\u00e9gociant Siegfried Wassermann, de Mannheim. a \u00e9t\u00e9 trouv\u00e9 porteur d\u2019un revolver en juillet dernier \u00e0 Montreux-Vieux. Il a \u00e9t\u00e9 condamn\u00e9, pour port d\u2019arme prohib\u00e9, \u00e0 10 M. d\u2019amende ou 2 jours de prison. Sources&nbsp;: &hellip; <a href=\"https:\/\/montreux-vieux.net\/?page_id=21035\">Continuer la lecture <span class=\"meta-nav\">&rarr;<\/span><\/a><\/p>\n","protected":false},"author":1,"featured_media":0,"parent":13044,"menu_order":700,"comment_status":"closed","ping_status":"open","template":"","meta":{"footnotes":""},"class_list":["post-21035","page","type-page","status-publish","hentry"],"_links":{"self":[{"href":"https:\/\/montreux-vieux.net\/index.php?rest_route=\/wp\/v2\/pages\/21035","targetHints":{"allow":["GET"]}}],"collection":[{"href":"https:\/\/montreux-vieux.net\/index.php?rest_route=\/wp\/v2\/pages"}],"about":[{"href":"https:\/\/montreux-vieux.net\/index.php?rest_route=\/wp\/v2\/types\/page"}],"author":[{"embeddable":true,"href":"https:\/\/montreux-vieux.net\/index.php?rest_route=\/wp\/v2\/users\/1"}],"replies":[{"embeddable":true,"href":"https:\/\/montreux-vieux.net\/index.php?rest_route=%2Fwp%2Fv2%2Fcomments&post=21035"}],"version-history":[{"count":1,"href":"https:\/\/montreux-vieux.net\/index.php?rest_route=\/wp\/v2\/pages\/21035\/revisions"}],"predecessor-version":[{"id":21036,"href":"https:\/\/montreux-vieux.net\/index.php?rest_route=\/wp\/v2\/pages\/21035\/revisions\/21036"}],"up":[{"embeddable":true,"href":"https:\/\/montreux-vieux.net\/index.php?rest_route=\/wp\/v2\/pages\/13044"}],"wp:attachment":[{"href":"https:\/\/montreux-vieux.net\/index.php?rest_route=%2Fwp%2Fv2%2Fmedia&parent=21035"}],"curies":[{"name":"wp","href":"https:\/\/api.w.org\/{rel}","templated":true}]}}