{"id":21038,"date":"2020-09-19T09:39:23","date_gmt":"2020-09-19T08:39:23","guid":{"rendered":"http:\/\/montreux-vieux.net\/?page_id=21038"},"modified":"2020-09-19T09:39:38","modified_gmt":"2020-09-19T08:39:38","slug":"deux-heures-de-retard-pour-le-rapide-calais-montreux-vieux","status":"publish","type":"page","link":"https:\/\/montreux-vieux.net\/?page_id=21038","title":{"rendered":"Deux heures de retard pour le rapide Calais-Montreux-Vieux"},"content":{"rendered":"\n<p>Montreux Vieux. \u2014 on nous \u00e9crit le 16 : Le rapide de Calais est arriv\u00e9 hier soir avec un retard de deux heures. Il avait tamponn\u00e9 un autre train \u00e0 LuxeuiL Les employ\u00e9s du train racontent que neuf voyageurs ont \u00e9t\u00e9 bless\u00e9s. Cinq d\u2019entre eux seraient gri\u00e8vement atteints. (Voir la communication de la Compagnie de l\u2019Est, sous le titre de \u00ab Luxeuil\u00bb, dans L\u2019 Expr\u00e8s d\u2019hier.<\/p>\n\n\n\n<p>Sources&nbsp;: Express 17 janvier 1894<\/p>\n","protected":false},"excerpt":{"rendered":"<p>Montreux Vieux. \u2014 on nous \u00e9crit le 16 : Le rapide de Calais est arriv\u00e9 hier soir avec un retard de deux heures. Il avait tamponn\u00e9 un autre train \u00e0 LuxeuiL Les employ\u00e9s du train racontent que neuf voyageurs ont &hellip; <a href=\"https:\/\/montreux-vieux.net\/?page_id=21038\">Continuer la lecture <span class=\"meta-nav\">&rarr;<\/span><\/a><\/p>\n","protected":false},"author":1,"featured_media":0,"parent":13009,"menu_order":105,"comment_status":"closed","ping_status":"open","template":"","meta":{"footnotes":""},"class_list":["post-21038","page","type-page","status-publish","hentry"],"_links":{"self":[{"href":"https:\/\/montreux-vieux.net\/index.php?rest_route=\/wp\/v2\/pages\/21038","targetHints":{"allow":["GET"]}}],"collection":[{"href":"https:\/\/montreux-vieux.net\/index.php?rest_route=\/wp\/v2\/pages"}],"about":[{"href":"https:\/\/montreux-vieux.net\/index.php?rest_route=\/wp\/v2\/types\/page"}],"author":[{"embeddable":true,"href":"https:\/\/montreux-vieux.net\/index.php?rest_route=\/wp\/v2\/users\/1"}],"replies":[{"embeddable":true,"href":"https:\/\/montreux-vieux.net\/index.php?rest_route=%2Fwp%2Fv2%2Fcomments&post=21038"}],"version-history":[{"count":2,"href":"https:\/\/montreux-vieux.net\/index.php?rest_route=\/wp\/v2\/pages\/21038\/revisions"}],"predecessor-version":[{"id":21040,"href":"https:\/\/montreux-vieux.net\/index.php?rest_route=\/wp\/v2\/pages\/21038\/revisions\/21040"}],"up":[{"embeddable":true,"href":"https:\/\/montreux-vieux.net\/index.php?rest_route=\/wp\/v2\/pages\/13009"}],"wp:attachment":[{"href":"https:\/\/montreux-vieux.net\/index.php?rest_route=%2Fwp%2Fv2%2Fmedia&parent=21038"}],"curies":[{"name":"wp","href":"https:\/\/api.w.org\/{rel}","templated":true}]}}