{"id":21042,"date":"2020-09-19T09:45:58","date_gmt":"2020-09-19T08:45:58","guid":{"rendered":"http:\/\/montreux-vieux.net\/?page_id=21042"},"modified":"2020-09-19T09:45:58","modified_gmt":"2020-09-19T08:45:58","slug":"le-chef-de-train-tombe-sous-u-convoi","status":"publish","type":"page","link":"https:\/\/montreux-vieux.net\/?page_id=21042","title":{"rendered":"Le chef de train tombe sous u convoi"},"content":{"rendered":"\n<p>Montreux-Vieux\u00a0: Le chef de train A.Peter du d\u00e9p\u00f4t de Mulhouse est tomb\u00e9 sous un convoi \u00e0 proximit\u00e9 de la gare de Montreux-Vieux. Les jambes sectionn\u00e9es il a \u00e9t\u00e9 transport\u00e9 \u00e0 l\u2019h\u00f4pital de Belfort ou il succomba peut apr\u00e8s. Sources\u00a0: L\u2019Express de Mulhouse du\u00a0 3 d\u00e9cembre 1924<\/p>\n","protected":false},"excerpt":{"rendered":"<p>Montreux-Vieux\u00a0: Le chef de train A.Peter du d\u00e9p\u00f4t de Mulhouse est tomb\u00e9 sous un convoi \u00e0 proximit\u00e9 de la gare de Montreux-Vieux. Les jambes sectionn\u00e9es il a \u00e9t\u00e9 transport\u00e9 \u00e0 l\u2019h\u00f4pital de Belfort ou il succomba peut apr\u00e8s. Sources\u00a0: L\u2019Express &hellip; <a href=\"https:\/\/montreux-vieux.net\/?page_id=21042\">Continuer la lecture <span class=\"meta-nav\">&rarr;<\/span><\/a><\/p>\n","protected":false},"author":1,"featured_media":0,"parent":13009,"menu_order":110,"comment_status":"closed","ping_status":"open","template":"","meta":{"footnotes":""},"class_list":["post-21042","page","type-page","status-publish","hentry"],"_links":{"self":[{"href":"https:\/\/montreux-vieux.net\/index.php?rest_route=\/wp\/v2\/pages\/21042","targetHints":{"allow":["GET"]}}],"collection":[{"href":"https:\/\/montreux-vieux.net\/index.php?rest_route=\/wp\/v2\/pages"}],"about":[{"href":"https:\/\/montreux-vieux.net\/index.php?rest_route=\/wp\/v2\/types\/page"}],"author":[{"embeddable":true,"href":"https:\/\/montreux-vieux.net\/index.php?rest_route=\/wp\/v2\/users\/1"}],"replies":[{"embeddable":true,"href":"https:\/\/montreux-vieux.net\/index.php?rest_route=%2Fwp%2Fv2%2Fcomments&post=21042"}],"version-history":[{"count":1,"href":"https:\/\/montreux-vieux.net\/index.php?rest_route=\/wp\/v2\/pages\/21042\/revisions"}],"predecessor-version":[{"id":21043,"href":"https:\/\/montreux-vieux.net\/index.php?rest_route=\/wp\/v2\/pages\/21042\/revisions\/21043"}],"up":[{"embeddable":true,"href":"https:\/\/montreux-vieux.net\/index.php?rest_route=\/wp\/v2\/pages\/13009"}],"wp:attachment":[{"href":"https:\/\/montreux-vieux.net\/index.php?rest_route=%2Fwp%2Fv2%2Fmedia&parent=21042"}],"curies":[{"name":"wp","href":"https:\/\/api.w.org\/{rel}","templated":true}]}}