{"id":21048,"date":"2020-09-19T10:00:41","date_gmt":"2020-09-19T09:00:41","guid":{"rendered":"http:\/\/montreux-vieux.net\/?page_id=21048"},"modified":"2020-09-19T10:00:41","modified_gmt":"2020-09-19T09:00:41","slug":"les-freres-paeetti","status":"publish","type":"page","link":"https:\/\/montreux-vieux.net\/?page_id=21048","title":{"rendered":"Les fr\u00e8res Paeetti"},"content":{"rendered":"\n<p>TRIBUNAL CORRECTIONNEL Fr\u00e8res ennemis Les fr\u00e8res Ancel et Victor Paeetti, deux Italiens domicili\u00e9s \u00e0 Montreux-Vieux, ne s\u2019accordent pas du tout entre eux. Ancel est batailleur et pour un oui, pour un non, il cherche dispute autour de lui. Victor, plus paisible, se trouvait derni\u00e8rement dans une auberge lorsque son fr\u00e8re y entra. Ce dernier, pour un motif futile se mit \u00e0 insulter Victor. Les deux hommes bondirent l\u2019un sur l\u2019autre, arm\u00e9 chacun d\u2019une chaise: on r\u00e9ussit \u00e0 les retenir. Mais quelques instants plus tard, Ancel se jeta brusquement sur son fr\u00e8re et tous deux roul\u00e8rent sur le sol en se frappant sauvagement. Devant les juges o\u00f9 ils comparaissaient  hier, Ancel puis Victor se rejettent l\u2019un sur l&rsquo;autre \u00ab\u00a0l\u2019initiative\u00bb du combat. Plusieurs t\u00e9moins viennent d\u00e9poser. On apprend ainsi qu\u2019Ancel jouit d\u2019une tr\u00e8s mauvaise r\u00e9putation et qu\u2019il s\u2019\u00e9tait m\u00eame vu interdire l\u2019entr\u00e9e de l\u2019auberge dans laquelle eut lieu la rixe car \u00e0 chaque instant il y cr\u00e9ait du scandale. Un t\u00e9moin, d\u00e9clare d\u2019une petite voix douce en regardant pardessus son lorgnon: \u00abJ\u2019ai entendu du bruit, je me suis retourn\u00e9, j\u2019ai aper\u00e7u \u00ab\u00a0ces Messieurs\u00bb qui se tenaient \u00e0 bras le corps&#8230;.\u00bb L\u2019un de \u00abces Messieurs\u00bb, Angel s\u2019entend condamner \u00e0 25 francs d&rsquo;amende; l\u2019autre est acquitt\u00e9 apr\u00e8s une courte plaidoirie de Me Marx du barreau de Belfort. Sources\u00a0: L\u2019Express de Mulhouse 24 d\u00e9cembre 1932<\/p>\n","protected":false},"excerpt":{"rendered":"<p>TRIBUNAL CORRECTIONNEL Fr\u00e8res ennemis Les fr\u00e8res Ancel et Victor Paeetti, deux Italiens domicili\u00e9s \u00e0 Montreux-Vieux, ne s\u2019accordent pas du tout entre eux. Ancel est batailleur et pour un oui, pour un non, il cherche dispute autour de lui. Victor, plus &hellip; <a href=\"https:\/\/montreux-vieux.net\/?page_id=21048\">Continuer la lecture <span class=\"meta-nav\">&rarr;<\/span><\/a><\/p>\n","protected":false},"author":1,"featured_media":0,"parent":13044,"menu_order":705,"comment_status":"closed","ping_status":"open","template":"","meta":{"footnotes":""},"class_list":["post-21048","page","type-page","status-publish","hentry"],"_links":{"self":[{"href":"https:\/\/montreux-vieux.net\/index.php?rest_route=\/wp\/v2\/pages\/21048","targetHints":{"allow":["GET"]}}],"collection":[{"href":"https:\/\/montreux-vieux.net\/index.php?rest_route=\/wp\/v2\/pages"}],"about":[{"href":"https:\/\/montreux-vieux.net\/index.php?rest_route=\/wp\/v2\/types\/page"}],"author":[{"embeddable":true,"href":"https:\/\/montreux-vieux.net\/index.php?rest_route=\/wp\/v2\/users\/1"}],"replies":[{"embeddable":true,"href":"https:\/\/montreux-vieux.net\/index.php?rest_route=%2Fwp%2Fv2%2Fcomments&post=21048"}],"version-history":[{"count":1,"href":"https:\/\/montreux-vieux.net\/index.php?rest_route=\/wp\/v2\/pages\/21048\/revisions"}],"predecessor-version":[{"id":21049,"href":"https:\/\/montreux-vieux.net\/index.php?rest_route=\/wp\/v2\/pages\/21048\/revisions\/21049"}],"up":[{"embeddable":true,"href":"https:\/\/montreux-vieux.net\/index.php?rest_route=\/wp\/v2\/pages\/13044"}],"wp:attachment":[{"href":"https:\/\/montreux-vieux.net\/index.php?rest_route=%2Fwp%2Fv2%2Fmedia&parent=21048"}],"curies":[{"name":"wp","href":"https:\/\/api.w.org\/{rel}","templated":true}]}}