{"id":21058,"date":"2020-09-21T15:31:17","date_gmt":"2020-09-21T14:31:17","guid":{"rendered":"http:\/\/montreux-vieux.net\/?page_id=21058"},"modified":"2025-03-16T17:55:05","modified_gmt":"2025-03-16T16:55:05","slug":"21058-2","status":"publish","type":"page","link":"https:\/\/montreux-vieux.net\/?page_id=21058","title":{"rendered":"Les magasins de la douane en feu"},"content":{"rendered":"\n<p>Montreux-Vieux, 11 mars. \u2014 Le tocsin a r\u00e9veill\u00e9 les habitants du village ce matin vers 4 heures. Les magasins de la douane, au chemin de fer, \u00e9taient en feu, et malgr\u00e9 la promptitude et l\u2019\u00e9nergie des secours ils sont devenus la proie des flammes. On a pu pr\u00e9server n\u00e9anmoins les b\u00e2timents voisins et les entrep\u00f4ts de M. Laibl\u00e9, commissionnaire-exp\u00e9diteur.<\/p>\n\n\n\n<p>Un m\u00e9canicien fran\u00e7ais, dont la machine \u00e9tait sous pression, n\u2019a pas h\u00e9sit\u00e9 \u00e0 p\u00e9n\u00e9trer dans la fournaise pour retirer, au p\u00e9ril de sa vie, plusieurs wagons complets, plac\u00e9s sur la voie longeant la halle.<\/p>\n\n\n\n<p>Gr\u00e2ce au sang, froid de ce m\u00e9canicien, les pertes sont sensiblement diminu\u00e9es Elles s&rsquo;\u00e9l\u00e8vent pourtant \u00e0 quelques centaines de mille Mark.<\/p>\n\n\n\n<p>Pour ne pas \u00eatre oblig\u00e9 d\u2019interrompre le service, on utilisera provisoirement une partie de l\u2019entrep\u00f4t Laible comme magasin de douane.<\/p>\n\n\n\n<p>Sources&nbsp;: Express 12 mars 1905<\/p>\n\n\n\n<p>Montreux-Vieux, 13 mars. \u2014 De la halle de douane qui mesurait 72 m\u00e8tres de long sur 14 de large, il ne reste plus que les quatre mura calcin\u00e9s qui encadrent un monceau de d\u00e9combres fumants. La balle contenait au moment de l&rsquo;incendie, de grandes quantit\u00e9s de bouchons de li\u00e8ge, de cuits, 12.000 kg de vaisselle en \u00e9maill\u00e9. Deux automobiles de la maison Dan\/,as et C\u201c. ont \u00e9t\u00e9 \u00e9galement la proie des flammes, ainsi que deux wagons charg\u00e9s de li\u00e8ge de la Compagnie du Midi. La valeur des marchandises d\u00e9truites est dr- 150,000 M. au bas mot, dont 100,000 M. pour le compte de la Soci\u00e9t\u00e9 de transports internationaux. C\u2019est miracle que la Italie d\u2019entrep\u00f4t de la maison Laihle, qui est reli\u00e9e A la balle de douane par une toiture en bois, recouvert* de zinc, ait pu \u00eatre pr\u00e9serv\u00e9e. Le personnel des employ\u00e9? et des ouvriers de toutes cat\u00e9gories a fait des prodiges pour combattre l\u2019incendie et pour le r\u00e9duire \u00e0 ses plus justes proportions. Ou ignore encore les causes du sinistre. Sources : Express,\u00a014 mars 1905, p.\u00a02\/4<\/p>\n","protected":false},"excerpt":{"rendered":"<p>Montreux-Vieux, 11 mars. \u2014 Le tocsin a r\u00e9veill\u00e9 les habitants du village ce matin vers 4 heures. Les magasins de la douane, au chemin de fer, \u00e9taient en feu, et malgr\u00e9 la promptitude et l\u2019\u00e9nergie des secours ils sont devenus &hellip; <a href=\"https:\/\/montreux-vieux.net\/?page_id=21058\">Continuer la lecture <span class=\"meta-nav\">&rarr;<\/span><\/a><\/p>\n","protected":false},"author":1,"featured_media":0,"parent":13044,"menu_order":710,"comment_status":"closed","ping_status":"open","template":"","meta":{"footnotes":""},"class_list":["post-21058","page","type-page","status-publish","hentry"],"_links":{"self":[{"href":"https:\/\/montreux-vieux.net\/index.php?rest_route=\/wp\/v2\/pages\/21058","targetHints":{"allow":["GET"]}}],"collection":[{"href":"https:\/\/montreux-vieux.net\/index.php?rest_route=\/wp\/v2\/pages"}],"about":[{"href":"https:\/\/montreux-vieux.net\/index.php?rest_route=\/wp\/v2\/types\/page"}],"author":[{"embeddable":true,"href":"https:\/\/montreux-vieux.net\/index.php?rest_route=\/wp\/v2\/users\/1"}],"replies":[{"embeddable":true,"href":"https:\/\/montreux-vieux.net\/index.php?rest_route=%2Fwp%2Fv2%2Fcomments&post=21058"}],"version-history":[{"count":3,"href":"https:\/\/montreux-vieux.net\/index.php?rest_route=\/wp\/v2\/pages\/21058\/revisions"}],"predecessor-version":[{"id":26785,"href":"https:\/\/montreux-vieux.net\/index.php?rest_route=\/wp\/v2\/pages\/21058\/revisions\/26785"}],"up":[{"embeddable":true,"href":"https:\/\/montreux-vieux.net\/index.php?rest_route=\/wp\/v2\/pages\/13044"}],"wp:attachment":[{"href":"https:\/\/montreux-vieux.net\/index.php?rest_route=%2Fwp%2Fv2%2Fmedia&parent=21058"}],"curies":[{"name":"wp","href":"https:\/\/api.w.org\/{rel}","templated":true}]}}