{"id":21079,"date":"2020-09-22T15:23:55","date_gmt":"2020-09-22T14:23:55","guid":{"rendered":"http:\/\/montreux-vieux.net\/?page_id=21079"},"modified":"2020-09-22T15:23:55","modified_gmt":"2020-09-22T14:23:55","slug":"automobile-abandonnee","status":"publish","type":"page","link":"https:\/\/montreux-vieux.net\/?page_id=21079","title":{"rendered":"Automobile abandonn\u00e9e"},"content":{"rendered":"\n<p>Automobile abandonn\u00e9e \u2014 Mardi matin une automobile marque Mathis immatricul\u00e9e 3989 P-B-l avec une plaque d\u2019identit\u00e9 au nom de M. Maggi entrepreneur \u00e0 Montreux-Vieux, se trouvait abandonn\u00e9e sur la Place de la Gare. Les phares avaient \u00e9t\u00e9 \u00e9clair\u00e9s jusqu\u2019\u00e0 une heure du matin. Sur la banquette avant il y avait un pardessus.<\/p>\n\n\n\n<p>Le commissaire sp\u00e9cial a t\u00e9l\u00e9phon\u00e9 au propri\u00e9taire mais mardi soir il n&rsquo;avait aucune r\u00e9ponse. Il a \u00e9t\u00e9 proc\u00e9d\u00e9 par ses soins aux constatations d\u2019usage.<\/p>\n\n\n\n<p>Sources&nbsp;: Le R\u00e9publicain de Belfort 21 janvier 1933<\/p>\n\n\n\n<p>P. V. Nous avons signal\u00e9 qu\u2019une&nbsp; automobile appartenant \u00e0 M. Maggi entrepreneur \u00e0 Montreux-Vieux \u00e9tait abandonn\u00e9e devant les escaliers d\u2019entr\u00e9e de notre gare. De l\u2019enqu\u00eate ouverte il r\u00e9sulte que le propri\u00e9taire \u00e9tait arriv\u00e9 en gare juste \u00e0 temps pour prendre le train et avait d\u00fb laisser sa voiture sans la remiser. Pour stationnement sans n\u00e9cessit\u00e9 en ce lieu il a \u00e9t\u00e9 gratifi\u00e9 d\u2019un proc\u00e8s-verbal.<\/p>\n\n\n\n<p>Sources&nbsp;: Le R\u00e9publicain de Belfort 25 juillet 1933<\/p>\n","protected":false},"excerpt":{"rendered":"<p>Automobile abandonn\u00e9e \u2014 Mardi matin une automobile marque Mathis immatricul\u00e9e 3989 P-B-l avec une plaque d\u2019identit\u00e9 au nom de M. Maggi entrepreneur \u00e0 Montreux-Vieux, se trouvait abandonn\u00e9e sur la Place de la Gare. Les phares avaient \u00e9t\u00e9 \u00e9clair\u00e9s jusqu\u2019\u00e0 une &hellip; <a href=\"https:\/\/montreux-vieux.net\/?page_id=21079\">Continuer la lecture <span class=\"meta-nav\">&rarr;<\/span><\/a><\/p>\n","protected":false},"author":1,"featured_media":0,"parent":20403,"menu_order":55,"comment_status":"closed","ping_status":"open","template":"","meta":{"footnotes":""},"class_list":["post-21079","page","type-page","status-publish","hentry"],"_links":{"self":[{"href":"https:\/\/montreux-vieux.net\/index.php?rest_route=\/wp\/v2\/pages\/21079","targetHints":{"allow":["GET"]}}],"collection":[{"href":"https:\/\/montreux-vieux.net\/index.php?rest_route=\/wp\/v2\/pages"}],"about":[{"href":"https:\/\/montreux-vieux.net\/index.php?rest_route=\/wp\/v2\/types\/page"}],"author":[{"embeddable":true,"href":"https:\/\/montreux-vieux.net\/index.php?rest_route=\/wp\/v2\/users\/1"}],"replies":[{"embeddable":true,"href":"https:\/\/montreux-vieux.net\/index.php?rest_route=%2Fwp%2Fv2%2Fcomments&post=21079"}],"version-history":[{"count":1,"href":"https:\/\/montreux-vieux.net\/index.php?rest_route=\/wp\/v2\/pages\/21079\/revisions"}],"predecessor-version":[{"id":21080,"href":"https:\/\/montreux-vieux.net\/index.php?rest_route=\/wp\/v2\/pages\/21079\/revisions\/21080"}],"up":[{"embeddable":true,"href":"https:\/\/montreux-vieux.net\/index.php?rest_route=\/wp\/v2\/pages\/20403"}],"wp:attachment":[{"href":"https:\/\/montreux-vieux.net\/index.php?rest_route=%2Fwp%2Fv2%2Fmedia&parent=21079"}],"curies":[{"name":"wp","href":"https:\/\/api.w.org\/{rel}","templated":true}]}}