{"id":21082,"date":"2020-09-22T15:31:00","date_gmt":"2020-09-22T14:31:00","guid":{"rendered":"http:\/\/montreux-vieux.net\/?page_id=21082"},"modified":"2020-09-22T15:31:00","modified_gmt":"2020-09-22T14:31:00","slug":"lingenieur-americain-contraint-d-retourner-sur-ses-pas","status":"publish","type":"page","link":"https:\/\/montreux-vieux.net\/?page_id=21082","title":{"rendered":"L&rsquo;ing\u00e9nieur am\u00e9ricain contraint d retourner sur ses pas"},"content":{"rendered":"\n<p>On \u00e9crit de Colmar au Journal d&rsquo;Alsace: Voici une actualit\u00e9 tr\u00e8s amusante, nous voudrions dire tr\u00e8s instructive, si cela pouvait servir \u00e0 quelque chose.<\/p>\n\n\n\n<p>Un ing\u00e9nieur am\u00e9ricain, d\u00e9sirant faire la connaissance personnelle de notre grand savant, M. G. A. Hirn, a quitt\u00e9 Paris jeudi matin, apr\u00e8s avoir annonc\u00e9, par d\u00e9p\u00eache t\u00e9l\u00e9graphique, son arriv\u00e9e \u00e0 Colmar dans la soir\u00e9e. Mais il avait compt\u00e9 sans la mesure des passeports, dont il ignorait l&rsquo;existence.<\/p>\n\n\n\n<p>Arriv\u00e9 \u00e0 Montreux-Vieux, il exhibait ses papiers de l\u00e9gitimation. Tout \u00e9tait en r\u00e8gle ; mais le visa de l&rsquo;ambassade d&rsquo;Allemagne \u00e0 Paris manquait. Il fut donc forc\u00e9 de revenir sur ses pas et de prendre le chemin de B\u00e2le, d&rsquo;o\u00f9 il arriva \u00e0 Colmar, sain et sauf, avec quelques heures de retard, vendredi matin.<\/p>\n\n\n\n<p>Sources&nbsp;: La Lanterne 2 juillet 1889<\/p>\n","protected":false},"excerpt":{"rendered":"<p>On \u00e9crit de Colmar au Journal d&rsquo;Alsace: Voici une actualit\u00e9 tr\u00e8s amusante, nous voudrions dire tr\u00e8s instructive, si cela pouvait servir \u00e0 quelque chose. Un ing\u00e9nieur am\u00e9ricain, d\u00e9sirant faire la connaissance personnelle de notre grand savant, M. G. A. Hirn, &hellip; <a href=\"https:\/\/montreux-vieux.net\/?page_id=21082\">Continuer la lecture <span class=\"meta-nav\">&rarr;<\/span><\/a><\/p>\n","protected":false},"author":1,"featured_media":0,"parent":20403,"menu_order":60,"comment_status":"closed","ping_status":"open","template":"","meta":{"footnotes":""},"class_list":["post-21082","page","type-page","status-publish","hentry"],"_links":{"self":[{"href":"https:\/\/montreux-vieux.net\/index.php?rest_route=\/wp\/v2\/pages\/21082","targetHints":{"allow":["GET"]}}],"collection":[{"href":"https:\/\/montreux-vieux.net\/index.php?rest_route=\/wp\/v2\/pages"}],"about":[{"href":"https:\/\/montreux-vieux.net\/index.php?rest_route=\/wp\/v2\/types\/page"}],"author":[{"embeddable":true,"href":"https:\/\/montreux-vieux.net\/index.php?rest_route=\/wp\/v2\/users\/1"}],"replies":[{"embeddable":true,"href":"https:\/\/montreux-vieux.net\/index.php?rest_route=%2Fwp%2Fv2%2Fcomments&post=21082"}],"version-history":[{"count":1,"href":"https:\/\/montreux-vieux.net\/index.php?rest_route=\/wp\/v2\/pages\/21082\/revisions"}],"predecessor-version":[{"id":21083,"href":"https:\/\/montreux-vieux.net\/index.php?rest_route=\/wp\/v2\/pages\/21082\/revisions\/21083"}],"up":[{"embeddable":true,"href":"https:\/\/montreux-vieux.net\/index.php?rest_route=\/wp\/v2\/pages\/20403"}],"wp:attachment":[{"href":"https:\/\/montreux-vieux.net\/index.php?rest_route=%2Fwp%2Fv2%2Fmedia&parent=21082"}],"curies":[{"name":"wp","href":"https:\/\/api.w.org\/{rel}","templated":true}]}}