{"id":21102,"date":"2020-09-24T09:32:40","date_gmt":"2020-09-24T08:32:40","guid":{"rendered":"http:\/\/montreux-vieux.net\/?page_id=21102"},"modified":"2020-09-24T09:32:40","modified_gmt":"2020-09-24T08:32:40","slug":"le-trafic-des-marchandises-a-considerablement-augmente","status":"publish","type":"page","link":"https:\/\/montreux-vieux.net\/?page_id=21102","title":{"rendered":"Le trafic des  marchandises  a consid\u00e9rablement augment\u00e9"},"content":{"rendered":"\n<p>Le trafic des&nbsp; marchandises &nbsp;a consid\u00e9rablement augment\u00e9 depuis &nbsp;quelque temps. et les recettes ont atteint, le mois dernier, le chiffre de&nbsp;&nbsp; 135,000 M. Des trains sp\u00e9ciaux, organis\u00e9s tous les jours, arrivent \u00e0 peine \u00e0 \u00e9vacuer les marchandises qui s\u2019accumulent ici. La circulation des voyageurs aussi est en voie de croissance.<\/p>\n\n\n\n<p>Sources&nbsp;: Express 2 juin 1894<\/p>\n","protected":false},"excerpt":{"rendered":"<p>Le trafic des&nbsp; marchandises &nbsp;a consid\u00e9rablement augment\u00e9 depuis &nbsp;quelque temps. et les recettes ont atteint, le mois dernier, le chiffre de&nbsp;&nbsp; 135,000 M. Des trains sp\u00e9ciaux, organis\u00e9s tous les jours, arrivent \u00e0 peine \u00e0 \u00e9vacuer les marchandises qui s\u2019accumulent ici. &hellip; <a href=\"https:\/\/montreux-vieux.net\/?page_id=21102\">Continuer la lecture <span class=\"meta-nav\">&rarr;<\/span><\/a><\/p>\n","protected":false},"author":1,"featured_media":0,"parent":13007,"menu_order":105,"comment_status":"closed","ping_status":"open","template":"","meta":{"footnotes":""},"class_list":["post-21102","page","type-page","status-publish","hentry"],"_links":{"self":[{"href":"https:\/\/montreux-vieux.net\/index.php?rest_route=\/wp\/v2\/pages\/21102","targetHints":{"allow":["GET"]}}],"collection":[{"href":"https:\/\/montreux-vieux.net\/index.php?rest_route=\/wp\/v2\/pages"}],"about":[{"href":"https:\/\/montreux-vieux.net\/index.php?rest_route=\/wp\/v2\/types\/page"}],"author":[{"embeddable":true,"href":"https:\/\/montreux-vieux.net\/index.php?rest_route=\/wp\/v2\/users\/1"}],"replies":[{"embeddable":true,"href":"https:\/\/montreux-vieux.net\/index.php?rest_route=%2Fwp%2Fv2%2Fcomments&post=21102"}],"version-history":[{"count":1,"href":"https:\/\/montreux-vieux.net\/index.php?rest_route=\/wp\/v2\/pages\/21102\/revisions"}],"predecessor-version":[{"id":21103,"href":"https:\/\/montreux-vieux.net\/index.php?rest_route=\/wp\/v2\/pages\/21102\/revisions\/21103"}],"up":[{"embeddable":true,"href":"https:\/\/montreux-vieux.net\/index.php?rest_route=\/wp\/v2\/pages\/13007"}],"wp:attachment":[{"href":"https:\/\/montreux-vieux.net\/index.php?rest_route=%2Fwp%2Fv2%2Fmedia&parent=21102"}],"curies":[{"name":"wp","href":"https:\/\/api.w.org\/{rel}","templated":true}]}}