{"id":21105,"date":"2020-09-24T09:36:07","date_gmt":"2020-09-24T08:36:07","guid":{"rendered":"http:\/\/montreux-vieux.net\/?page_id=21105"},"modified":"2020-09-24T09:36:07","modified_gmt":"2020-09-24T08:36:07","slug":"transport-de-pommes","status":"publish","type":"page","link":"https:\/\/montreux-vieux.net\/?page_id=21105","title":{"rendered":"Transport de pommes"},"content":{"rendered":"\n<p>Montreux-Vieux. \u2014 On nous \u00e9crit le 16 : Depuis quelque temps passent ici des quantit\u00e9s de wagons charges de pommes provenant des r\u00e9gions occidentales de la France. Ces pommes sont envoy\u00e9es en grande partie \u00e0 Stuttgart o\u00f9 elles servent a la fabrication du cidre.<\/p>\n\n\n\n<p>Sources&nbsp;: Express 17 octobre 1895<\/p>\n","protected":false},"excerpt":{"rendered":"<p>Montreux-Vieux. \u2014 On nous \u00e9crit le 16 : Depuis quelque temps passent ici des quantit\u00e9s de wagons charges de pommes provenant des r\u00e9gions occidentales de la France. Ces pommes sont envoy\u00e9es en grande partie \u00e0 Stuttgart o\u00f9 elles servent a &hellip; <a href=\"https:\/\/montreux-vieux.net\/?page_id=21105\">Continuer la lecture <span class=\"meta-nav\">&rarr;<\/span><\/a><\/p>\n","protected":false},"author":1,"featured_media":0,"parent":13007,"menu_order":110,"comment_status":"closed","ping_status":"open","template":"","meta":{"footnotes":""},"class_list":["post-21105","page","type-page","status-publish","hentry"],"_links":{"self":[{"href":"https:\/\/montreux-vieux.net\/index.php?rest_route=\/wp\/v2\/pages\/21105","targetHints":{"allow":["GET"]}}],"collection":[{"href":"https:\/\/montreux-vieux.net\/index.php?rest_route=\/wp\/v2\/pages"}],"about":[{"href":"https:\/\/montreux-vieux.net\/index.php?rest_route=\/wp\/v2\/types\/page"}],"author":[{"embeddable":true,"href":"https:\/\/montreux-vieux.net\/index.php?rest_route=\/wp\/v2\/users\/1"}],"replies":[{"embeddable":true,"href":"https:\/\/montreux-vieux.net\/index.php?rest_route=%2Fwp%2Fv2%2Fcomments&post=21105"}],"version-history":[{"count":1,"href":"https:\/\/montreux-vieux.net\/index.php?rest_route=\/wp\/v2\/pages\/21105\/revisions"}],"predecessor-version":[{"id":21106,"href":"https:\/\/montreux-vieux.net\/index.php?rest_route=\/wp\/v2\/pages\/21105\/revisions\/21106"}],"up":[{"embeddable":true,"href":"https:\/\/montreux-vieux.net\/index.php?rest_route=\/wp\/v2\/pages\/13007"}],"wp:attachment":[{"href":"https:\/\/montreux-vieux.net\/index.php?rest_route=%2Fwp%2Fv2%2Fmedia&parent=21105"}],"curies":[{"name":"wp","href":"https:\/\/api.w.org\/{rel}","templated":true}]}}