{"id":21108,"date":"2020-09-24T09:40:41","date_gmt":"2020-09-24T08:40:41","guid":{"rendered":"http:\/\/montreux-vieux.net\/?page_id=21108"},"modified":"2020-09-24T09:40:41","modified_gmt":"2020-09-24T08:40:41","slug":"trafic-tres-important-en-gare","status":"publish","type":"page","link":"https:\/\/montreux-vieux.net\/?page_id=21108","title":{"rendered":"Trafic tr\u00e8s important en gare"},"content":{"rendered":"\n<p>Montreux-Vieux. \u2014 On nous \u00e9crit le 7 ; Le trafic des marchandises n\u2019a jamais cl\u00e9 aussi consid\u00e9rable dans notre gare, qu&rsquo;actuellement. Il faut de nombreux trains sp\u00e9ciaux pour faire passer tout le transit. L\u2019importation des b\u00eates \u00e0 cornes surtout est important. Un fournisseur a re\u00e7u commande de 7000 b\u0153ufs \u00e0 livrer d\u2019ici au mois de mai, \u00e0 Mayence pour la fabrication de conserves de viande. Sources\u00a0: Express 9 f\u00e9vrier 1893<\/p>\n","protected":false},"excerpt":{"rendered":"<p>Montreux-Vieux. \u2014 On nous \u00e9crit le 7 ; Le trafic des marchandises n\u2019a jamais cl\u00e9 aussi consid\u00e9rable dans notre gare, qu&rsquo;actuellement. Il faut de nombreux trains sp\u00e9ciaux pour faire passer tout le transit. L\u2019importation des b\u00eates \u00e0 cornes surtout est &hellip; <a href=\"https:\/\/montreux-vieux.net\/?page_id=21108\">Continuer la lecture <span class=\"meta-nav\">&rarr;<\/span><\/a><\/p>\n","protected":false},"author":1,"featured_media":0,"parent":13007,"menu_order":115,"comment_status":"closed","ping_status":"open","template":"","meta":{"footnotes":""},"class_list":["post-21108","page","type-page","status-publish","hentry"],"_links":{"self":[{"href":"https:\/\/montreux-vieux.net\/index.php?rest_route=\/wp\/v2\/pages\/21108","targetHints":{"allow":["GET"]}}],"collection":[{"href":"https:\/\/montreux-vieux.net\/index.php?rest_route=\/wp\/v2\/pages"}],"about":[{"href":"https:\/\/montreux-vieux.net\/index.php?rest_route=\/wp\/v2\/types\/page"}],"author":[{"embeddable":true,"href":"https:\/\/montreux-vieux.net\/index.php?rest_route=\/wp\/v2\/users\/1"}],"replies":[{"embeddable":true,"href":"https:\/\/montreux-vieux.net\/index.php?rest_route=%2Fwp%2Fv2%2Fcomments&post=21108"}],"version-history":[{"count":1,"href":"https:\/\/montreux-vieux.net\/index.php?rest_route=\/wp\/v2\/pages\/21108\/revisions"}],"predecessor-version":[{"id":21109,"href":"https:\/\/montreux-vieux.net\/index.php?rest_route=\/wp\/v2\/pages\/21108\/revisions\/21109"}],"up":[{"embeddable":true,"href":"https:\/\/montreux-vieux.net\/index.php?rest_route=\/wp\/v2\/pages\/13007"}],"wp:attachment":[{"href":"https:\/\/montreux-vieux.net\/index.php?rest_route=%2Fwp%2Fv2%2Fmedia&parent=21108"}],"curies":[{"name":"wp","href":"https:\/\/api.w.org\/{rel}","templated":true}]}}