{"id":21111,"date":"2020-09-25T08:40:04","date_gmt":"2020-09-25T07:40:04","guid":{"rendered":"http:\/\/montreux-vieux.net\/?page_id=21111"},"modified":"2020-09-25T08:40:04","modified_gmt":"2020-09-25T07:40:04","slug":"decoration-seditieuse","status":"publish","type":"page","link":"https:\/\/montreux-vieux.net\/?page_id=21111","title":{"rendered":"D\u00e9coration s\u00e9ditieuse"},"content":{"rendered":"\n<p>D\u00e9coration s\u00e9ditieuse\u00a0 Un voyageur de commerce qui venait de faire une tourn\u00e9e en Alsace, retournait en France par Montreux-Vieux. II avait \u00e0 sa boutonni\u00e8re un ruban tricolore, insigne d\u2019une d\u00e9coration fran\u00e7aise. Le commissaire lui donna l\u2019ordre de l\u2019enlever. L\u00e9 voyageur r\u00e9pondit qu&rsquo;il avait port\u00e9 l&rsquo;insigne sans \u00eatre inqui\u00e9t\u00e9 pendant le cours de son voyage. Cette r\u00e9ponse fut jug\u00e9e s\u00e9ditieuse. Le voyageur, Arr\u00eat\u00e9 aussit\u00f4t, Va expier dans les cachots de Dannemarie le crime\u00a0 d\u2019avoir \u00e9t\u00e9 d\u00e9cor\u00e9 par la\u00a0 France-<\/p>\n\n\n\n<p>Sources&nbsp;: La Croix 1<sup>er<\/sup> d\u00e9cembre 1888<\/p>\n","protected":false},"excerpt":{"rendered":"<p>D\u00e9coration s\u00e9ditieuse\u00a0 Un voyageur de commerce qui venait de faire une tourn\u00e9e en Alsace, retournait en France par Montreux-Vieux. II avait \u00e0 sa boutonni\u00e8re un ruban tricolore, insigne d\u2019une d\u00e9coration fran\u00e7aise. Le commissaire lui donna l\u2019ordre de l\u2019enlever. L\u00e9 voyageur &hellip; <a href=\"https:\/\/montreux-vieux.net\/?page_id=21111\">Continuer la lecture <span class=\"meta-nav\">&rarr;<\/span><\/a><\/p>\n","protected":false},"author":1,"featured_media":0,"parent":20403,"menu_order":65,"comment_status":"closed","ping_status":"open","template":"","meta":{"footnotes":""},"class_list":["post-21111","page","type-page","status-publish","hentry"],"_links":{"self":[{"href":"https:\/\/montreux-vieux.net\/index.php?rest_route=\/wp\/v2\/pages\/21111","targetHints":{"allow":["GET"]}}],"collection":[{"href":"https:\/\/montreux-vieux.net\/index.php?rest_route=\/wp\/v2\/pages"}],"about":[{"href":"https:\/\/montreux-vieux.net\/index.php?rest_route=\/wp\/v2\/types\/page"}],"author":[{"embeddable":true,"href":"https:\/\/montreux-vieux.net\/index.php?rest_route=\/wp\/v2\/users\/1"}],"replies":[{"embeddable":true,"href":"https:\/\/montreux-vieux.net\/index.php?rest_route=%2Fwp%2Fv2%2Fcomments&post=21111"}],"version-history":[{"count":1,"href":"https:\/\/montreux-vieux.net\/index.php?rest_route=\/wp\/v2\/pages\/21111\/revisions"}],"predecessor-version":[{"id":21112,"href":"https:\/\/montreux-vieux.net\/index.php?rest_route=\/wp\/v2\/pages\/21111\/revisions\/21112"}],"up":[{"embeddable":true,"href":"https:\/\/montreux-vieux.net\/index.php?rest_route=\/wp\/v2\/pages\/20403"}],"wp:attachment":[{"href":"https:\/\/montreux-vieux.net\/index.php?rest_route=%2Fwp%2Fv2%2Fmedia&parent=21111"}],"curies":[{"name":"wp","href":"https:\/\/api.w.org\/{rel}","templated":true}]}}