{"id":21114,"date":"2020-09-25T08:46:09","date_gmt":"2020-09-25T07:46:09","guid":{"rendered":"http:\/\/montreux-vieux.net\/?page_id=21114"},"modified":"2020-09-25T08:46:09","modified_gmt":"2020-09-25T07:46:09","slug":"poursuivi-pour-avoir-voulu-se-soustraire-par-lemigration-au-service-militaire","status":"publish","type":"page","link":"https:\/\/montreux-vieux.net\/?page_id=21114","title":{"rendered":"Poursuivi pour avoir voulu se soustraire par l&rsquo;\u00e9migration au service militaire"},"content":{"rendered":"\n<p>Le 26 d\u00e9cembre dernier, l\u2019ouvrier de fabrique C\u00e9lestin Ludringer, \u00e2g\u00e9 de 21 ans, natif de Moosch, a \u00e9t\u00e9 arr\u00eat\u00e9 \u00e0 la gare de Montreux-Vieux par le commissaire de police de la fronti\u00e8re, au moment o\u00f9 il voulait passer en France. Ludringer n&rsquo;avait sur lui aucun papier justifiant son identit\u00e9. Il \u00e9tait toutefois nanti d\u2019une somme de 216 mark qui devait lui servir \u00e0 payer son voyage en Am\u00e9rique, o\u00f9 il avait l\u2019intention de se rendre. Poursuivi pour avoir voulu se soustraire par l&rsquo;\u00e9migration au service militaire, il est reconnu coupable et condamn\u00e9 \u00e0 14 jours de prison.<\/p>\n\n\n\n<p>Sources&nbsp;: Express 31 janvier 1890<\/p>\n","protected":false},"excerpt":{"rendered":"<p>Le 26 d\u00e9cembre dernier, l\u2019ouvrier de fabrique C\u00e9lestin Ludringer, \u00e2g\u00e9 de 21 ans, natif de Moosch, a \u00e9t\u00e9 arr\u00eat\u00e9 \u00e0 la gare de Montreux-Vieux par le commissaire de police de la fronti\u00e8re, au moment o\u00f9 il voulait passer en France. &hellip; <a href=\"https:\/\/montreux-vieux.net\/?page_id=21114\">Continuer la lecture <span class=\"meta-nav\">&rarr;<\/span><\/a><\/p>\n","protected":false},"author":1,"featured_media":0,"parent":20403,"menu_order":70,"comment_status":"closed","ping_status":"open","template":"","meta":{"footnotes":""},"class_list":["post-21114","page","type-page","status-publish","hentry"],"_links":{"self":[{"href":"https:\/\/montreux-vieux.net\/index.php?rest_route=\/wp\/v2\/pages\/21114","targetHints":{"allow":["GET"]}}],"collection":[{"href":"https:\/\/montreux-vieux.net\/index.php?rest_route=\/wp\/v2\/pages"}],"about":[{"href":"https:\/\/montreux-vieux.net\/index.php?rest_route=\/wp\/v2\/types\/page"}],"author":[{"embeddable":true,"href":"https:\/\/montreux-vieux.net\/index.php?rest_route=\/wp\/v2\/users\/1"}],"replies":[{"embeddable":true,"href":"https:\/\/montreux-vieux.net\/index.php?rest_route=%2Fwp%2Fv2%2Fcomments&post=21114"}],"version-history":[{"count":1,"href":"https:\/\/montreux-vieux.net\/index.php?rest_route=\/wp\/v2\/pages\/21114\/revisions"}],"predecessor-version":[{"id":21115,"href":"https:\/\/montreux-vieux.net\/index.php?rest_route=\/wp\/v2\/pages\/21114\/revisions\/21115"}],"up":[{"embeddable":true,"href":"https:\/\/montreux-vieux.net\/index.php?rest_route=\/wp\/v2\/pages\/20403"}],"wp:attachment":[{"href":"https:\/\/montreux-vieux.net\/index.php?rest_route=%2Fwp%2Fv2%2Fmedia&parent=21114"}],"curies":[{"name":"wp","href":"https:\/\/api.w.org\/{rel}","templated":true}]}}