{"id":21125,"date":"2020-09-25T15:57:26","date_gmt":"2020-09-25T14:57:26","guid":{"rendered":"http:\/\/montreux-vieux.net\/?page_id=21125"},"modified":"2020-09-25T15:57:26","modified_gmt":"2020-09-25T14:57:26","slug":"general-allemand-mis-en-disponibilite","status":"publish","type":"page","link":"https:\/\/montreux-vieux.net\/?page_id=21125","title":{"rendered":"G\u00e9n\u00e9ral allemand mis en disponibilit\u00e9"},"content":{"rendered":"\n<p>G\u00e9n\u00e9ral allemand mis en disponibilit\u00e9. Mulhouse, 1<sup>e<\/sup> rmars. Le g\u00e9n\u00e9ral Birnbaum, commandant la 58* brigade d\u2019infanterie a Mulhouse, a \u00e9t\u00e9 mis en disponibilit\u00e9 pour avoir outrepass\u00e9 les instructions qu\u2019il avait re\u00e7ues pendant les derni\u00e8res man\u0153uvres sur la fronti\u00e8re franco-alsacienne. Le g\u00e9n\u00e9ral Birnbaum est cet officier qui avait envoy\u00e9, il y a environ six semaines, ses soldats man\u0153uvrer sur la fronti\u00e8re, pr\u00e8s de Montreux-Vieux, v\u00eatus de leurs uniformes de mobilisation, \u00e9quip\u00e9s pour une campagne. il avait aussi pris la pr\u00e9caution suppl\u00e9mentaire de faire aiguiser les sabres des cavaliers.<\/p>\n\n\n\n<p>Sources&nbsp;: La Libre Parole 5 mars 1905<\/p>\n","protected":false},"excerpt":{"rendered":"<p>G\u00e9n\u00e9ral allemand mis en disponibilit\u00e9. Mulhouse, 1e rmars. Le g\u00e9n\u00e9ral Birnbaum, commandant la 58* brigade d\u2019infanterie a Mulhouse, a \u00e9t\u00e9 mis en disponibilit\u00e9 pour avoir outrepass\u00e9 les instructions qu\u2019il avait re\u00e7ues pendant les derni\u00e8res man\u0153uvres sur la fronti\u00e8re franco-alsacienne. Le &hellip; <a href=\"https:\/\/montreux-vieux.net\/?page_id=21125\">Continuer la lecture <span class=\"meta-nav\">&rarr;<\/span><\/a><\/p>\n","protected":false},"author":1,"featured_media":0,"parent":12673,"menu_order":155,"comment_status":"closed","ping_status":"open","template":"","meta":{"footnotes":""},"class_list":["post-21125","page","type-page","status-publish","hentry"],"_links":{"self":[{"href":"https:\/\/montreux-vieux.net\/index.php?rest_route=\/wp\/v2\/pages\/21125","targetHints":{"allow":["GET"]}}],"collection":[{"href":"https:\/\/montreux-vieux.net\/index.php?rest_route=\/wp\/v2\/pages"}],"about":[{"href":"https:\/\/montreux-vieux.net\/index.php?rest_route=\/wp\/v2\/types\/page"}],"author":[{"embeddable":true,"href":"https:\/\/montreux-vieux.net\/index.php?rest_route=\/wp\/v2\/users\/1"}],"replies":[{"embeddable":true,"href":"https:\/\/montreux-vieux.net\/index.php?rest_route=%2Fwp%2Fv2%2Fcomments&post=21125"}],"version-history":[{"count":1,"href":"https:\/\/montreux-vieux.net\/index.php?rest_route=\/wp\/v2\/pages\/21125\/revisions"}],"predecessor-version":[{"id":21126,"href":"https:\/\/montreux-vieux.net\/index.php?rest_route=\/wp\/v2\/pages\/21125\/revisions\/21126"}],"up":[{"embeddable":true,"href":"https:\/\/montreux-vieux.net\/index.php?rest_route=\/wp\/v2\/pages\/12673"}],"wp:attachment":[{"href":"https:\/\/montreux-vieux.net\/index.php?rest_route=%2Fwp%2Fv2%2Fmedia&parent=21125"}],"curies":[{"name":"wp","href":"https:\/\/api.w.org\/{rel}","templated":true}]}}