{"id":21143,"date":"2020-09-26T16:54:49","date_gmt":"2020-09-26T15:54:49","guid":{"rendered":"http:\/\/montreux-vieux.net\/?page_id=21143"},"modified":"2020-09-26T16:54:49","modified_gmt":"2020-09-26T15:54:49","slug":"exposition-de-thann-huggenberger-theophile","status":"publish","type":"page","link":"https:\/\/montreux-vieux.net\/?page_id=21143","title":{"rendered":"Exposition de Thann. Huggenberger Th\u00e9ophile"},"content":{"rendered":"\n<p>Corporation des Forgerons et charrons de l\u2019arrondissement d Altkirch. \u2014 Les ma\u00eetres et ouvriers suivants ont obtenu des prix \u00e0 l\u2019Exposition de Thann :<\/p>\n\n\n\n<p>Pour travaux de ma\u00eetrise : M. Dtirand Xavier, ma\u00eetre forgeron \u00e0 Fislis, 2\u00e8me prix ; M. Munie Alo\u00efse, ma\u00eetre-forgpron. \u00e0 Lutter, 3<sup>\u00e8me<\/sup>&nbsp; &nbsp;prix.<\/p>\n\n\n\n<p>Travaux de compagnons : M. Huggenberger Th\u00e9ophile, Montreux-Vieux, 1er prix ; M. Schweitzer, Hochstatt, 2\u00e8me prix.<\/p>\n\n\n\n<p>Pour des travaux d\u2019apprenti : M. Wolf Lurien chez ma\u00eetre &nbsp;&nbsp;&nbsp;Eby, Heimsbrum, 3\u00e8me<\/p>\n\n\n\n<p>Sources&nbsp;: L\u2019Express 7 juillet 1923<\/p>\n","protected":false},"excerpt":{"rendered":"<p>Corporation des Forgerons et charrons de l\u2019arrondissement d Altkirch. \u2014 Les ma\u00eetres et ouvriers suivants ont obtenu des prix \u00e0 l\u2019Exposition de Thann : Pour travaux de ma\u00eetrise : M. Dtirand Xavier, ma\u00eetre forgeron \u00e0 Fislis, 2\u00e8me prix ; M. &hellip; <a href=\"https:\/\/montreux-vieux.net\/?page_id=21143\">Continuer la lecture <span class=\"meta-nav\">&rarr;<\/span><\/a><\/p>\n","protected":false},"author":1,"featured_media":0,"parent":4091,"menu_order":135,"comment_status":"closed","ping_status":"open","template":"","meta":{"footnotes":""},"class_list":["post-21143","page","type-page","status-publish","hentry"],"_links":{"self":[{"href":"https:\/\/montreux-vieux.net\/index.php?rest_route=\/wp\/v2\/pages\/21143","targetHints":{"allow":["GET"]}}],"collection":[{"href":"https:\/\/montreux-vieux.net\/index.php?rest_route=\/wp\/v2\/pages"}],"about":[{"href":"https:\/\/montreux-vieux.net\/index.php?rest_route=\/wp\/v2\/types\/page"}],"author":[{"embeddable":true,"href":"https:\/\/montreux-vieux.net\/index.php?rest_route=\/wp\/v2\/users\/1"}],"replies":[{"embeddable":true,"href":"https:\/\/montreux-vieux.net\/index.php?rest_route=%2Fwp%2Fv2%2Fcomments&post=21143"}],"version-history":[{"count":1,"href":"https:\/\/montreux-vieux.net\/index.php?rest_route=\/wp\/v2\/pages\/21143\/revisions"}],"predecessor-version":[{"id":21144,"href":"https:\/\/montreux-vieux.net\/index.php?rest_route=\/wp\/v2\/pages\/21143\/revisions\/21144"}],"up":[{"embeddable":true,"href":"https:\/\/montreux-vieux.net\/index.php?rest_route=\/wp\/v2\/pages\/4091"}],"wp:attachment":[{"href":"https:\/\/montreux-vieux.net\/index.php?rest_route=%2Fwp%2Fv2%2Fmedia&parent=21143"}],"curies":[{"name":"wp","href":"https:\/\/api.w.org\/{rel}","templated":true}]}}