{"id":21146,"date":"2020-09-26T17:02:29","date_gmt":"2020-09-26T16:02:29","guid":{"rendered":"http:\/\/montreux-vieux.net\/?page_id=21146"},"modified":"2020-09-26T17:02:29","modified_gmt":"2020-09-26T16:02:29","slug":"accident-2","status":"publish","type":"page","link":"https:\/\/montreux-vieux.net\/?page_id=21146","title":{"rendered":"Accident."},"content":{"rendered":"\n<p>Accident. \u2014 En voulant descendre, samedi soir vers 20 heures de la motrice du tramway en marche pr\u00e8s du croisement face \u00e0 l\u2019usine Schwob, M. Banasiack Joseph, 42 ans, tisseur \u00e0 Montreux-Vieux, glissa et eut le bout du pied droit \u00e9cras\u00e9, On transporta le bless\u00e9 \u00e0 l\u2019h\u00f4pital civil.<\/p>\n\n\n\n<p>Sources&nbsp;: Le R\u00e9publicain de Belfort 12 f\u00e9vrier 1930<\/p>\n","protected":false},"excerpt":{"rendered":"<p>Accident. \u2014 En voulant descendre, samedi soir vers 20 heures de la motrice du tramway en marche pr\u00e8s du croisement face \u00e0 l\u2019usine Schwob, M. Banasiack Joseph, 42 ans, tisseur \u00e0 Montreux-Vieux, glissa et eut le bout du pied droit &hellip; <a href=\"https:\/\/montreux-vieux.net\/?page_id=21146\">Continuer la lecture <span class=\"meta-nav\">&rarr;<\/span><\/a><\/p>\n","protected":false},"author":1,"featured_media":0,"parent":13044,"menu_order":725,"comment_status":"closed","ping_status":"open","template":"","meta":{"footnotes":""},"class_list":["post-21146","page","type-page","status-publish","hentry"],"_links":{"self":[{"href":"https:\/\/montreux-vieux.net\/index.php?rest_route=\/wp\/v2\/pages\/21146","targetHints":{"allow":["GET"]}}],"collection":[{"href":"https:\/\/montreux-vieux.net\/index.php?rest_route=\/wp\/v2\/pages"}],"about":[{"href":"https:\/\/montreux-vieux.net\/index.php?rest_route=\/wp\/v2\/types\/page"}],"author":[{"embeddable":true,"href":"https:\/\/montreux-vieux.net\/index.php?rest_route=\/wp\/v2\/users\/1"}],"replies":[{"embeddable":true,"href":"https:\/\/montreux-vieux.net\/index.php?rest_route=%2Fwp%2Fv2%2Fcomments&post=21146"}],"version-history":[{"count":1,"href":"https:\/\/montreux-vieux.net\/index.php?rest_route=\/wp\/v2\/pages\/21146\/revisions"}],"predecessor-version":[{"id":21147,"href":"https:\/\/montreux-vieux.net\/index.php?rest_route=\/wp\/v2\/pages\/21146\/revisions\/21147"}],"up":[{"embeddable":true,"href":"https:\/\/montreux-vieux.net\/index.php?rest_route=\/wp\/v2\/pages\/13044"}],"wp:attachment":[{"href":"https:\/\/montreux-vieux.net\/index.php?rest_route=%2Fwp%2Fv2%2Fmedia&parent=21146"}],"curies":[{"name":"wp","href":"https:\/\/api.w.org\/{rel}","templated":true}]}}