{"id":21149,"date":"2020-09-26T17:07:49","date_gmt":"2020-09-26T16:07:49","guid":{"rendered":"http:\/\/montreux-vieux.net\/?page_id=21149"},"modified":"2020-09-26T17:07:49","modified_gmt":"2020-09-26T16:07:49","slug":"accident-de-chemin-de-fer-a-romilly","status":"publish","type":"page","link":"https:\/\/montreux-vieux.net\/?page_id=21149","title":{"rendered":"Accident de chemin de fer \u00e0 Romilly"},"content":{"rendered":"\n<p>La nuit derni\u00e8re, \u00e0 Romilly vers quatre heures quarante du matin, le rapide 40 58 venant de Montreux-Vieux a pris en \u00e9charpe le train de marchandises 112 qui manquerait dans un croisement.<\/p>\n\n\n\n<p>Le choc fut violent, la machine du rapide eut son avant bris\u00e9.<\/p>\n\n\n\n<p>Un wagon de bois en grumes, sur lequel le choc s\u2019est produit, fut enti\u00e8rement renvers\u00e9 et bris\u00e9.<\/p>\n\n\n\n<p>Cinq autres wagons contenant de la farine, des moutons, des chevaux ont \u00e9t\u00e9 r\u00e9duits en morceaux. Plusieurs voitures sont enchev\u00eatr\u00e9es les unes dans les autres.<\/p>\n\n\n\n<p>Une vingtaine de moutons ont \u00e9t\u00e9 tu\u00e9s ou bless\u00e9s.<\/p>\n\n\n\n<p>Un wagon contenant quatre chevaux a \u00e9t\u00e9 coup\u00e9 en deux, les quatre b\u00eates ont \u00e9t\u00e9 rejet\u00e9es les unes sur les autres par le wagon suivant, Un cheval a pu \u00eatre retir\u00e9 sain et sauf par les soins de MM. Berton et Lambert, buvetier, deux autres sont bless\u00e9s, le quatri\u00e8me est mort.<\/p>\n\n\n\n<p>Les sacs de farine \u00e9ventr\u00e9s jonchent les voies recouvertes de neige.<\/p>\n\n\n\n<p>Heureusement, il n\u2019y a aucun accident de personne \u00e0 d\u00e9plorer. Une \u00e9quipe de secours a \u00e9t\u00e9 mand\u00e9e imm\u00e9diatement parmi le personnel des ateliers de l\u2019Est pour le d\u00e9blaiement de la voie.<\/p>\n\n\n\n<p>Sources&nbsp;: La Tribune de l\u2019Aube 31 d\u00e9cembre 1908<\/p>\n","protected":false},"excerpt":{"rendered":"<p>La nuit derni\u00e8re, \u00e0 Romilly vers quatre heures quarante du matin, le rapide 40 58 venant de Montreux-Vieux a pris en \u00e9charpe le train de marchandises 112 qui manquerait dans un croisement. Le choc fut violent, la machine du rapide &hellip; <a href=\"https:\/\/montreux-vieux.net\/?page_id=21149\">Continuer la lecture <span class=\"meta-nav\">&rarr;<\/span><\/a><\/p>\n","protected":false},"author":1,"featured_media":0,"parent":13009,"menu_order":120,"comment_status":"closed","ping_status":"open","template":"","meta":{"footnotes":""},"class_list":["post-21149","page","type-page","status-publish","hentry"],"_links":{"self":[{"href":"https:\/\/montreux-vieux.net\/index.php?rest_route=\/wp\/v2\/pages\/21149","targetHints":{"allow":["GET"]}}],"collection":[{"href":"https:\/\/montreux-vieux.net\/index.php?rest_route=\/wp\/v2\/pages"}],"about":[{"href":"https:\/\/montreux-vieux.net\/index.php?rest_route=\/wp\/v2\/types\/page"}],"author":[{"embeddable":true,"href":"https:\/\/montreux-vieux.net\/index.php?rest_route=\/wp\/v2\/users\/1"}],"replies":[{"embeddable":true,"href":"https:\/\/montreux-vieux.net\/index.php?rest_route=%2Fwp%2Fv2%2Fcomments&post=21149"}],"version-history":[{"count":1,"href":"https:\/\/montreux-vieux.net\/index.php?rest_route=\/wp\/v2\/pages\/21149\/revisions"}],"predecessor-version":[{"id":21150,"href":"https:\/\/montreux-vieux.net\/index.php?rest_route=\/wp\/v2\/pages\/21149\/revisions\/21150"}],"up":[{"embeddable":true,"href":"https:\/\/montreux-vieux.net\/index.php?rest_route=\/wp\/v2\/pages\/13009"}],"wp:attachment":[{"href":"https:\/\/montreux-vieux.net\/index.php?rest_route=%2Fwp%2Fv2%2Fmedia&parent=21149"}],"curies":[{"name":"wp","href":"https:\/\/api.w.org\/{rel}","templated":true}]}}