{"id":2115,"date":"2011-11-01T10:53:18","date_gmt":"2011-11-01T09:53:18","guid":{"rendered":"http:\/\/montreux-vieux.org\/?page_id=2115"},"modified":"2018-12-26T12:07:38","modified_gmt":"2018-12-26T11:07:38","slug":"un-nouvel-incident-a-la-frontiere","status":"publish","type":"page","link":"https:\/\/montreux-vieux.net\/?page_id=2115","title":{"rendered":"Un nouvel incident \u00e0 la fronti\u00e8re"},"content":{"rendered":"<h3 style=\"text-align: center;\"><span style=\"color: #000000;\">Un nouvel incident \u00e0 la fronti\u00e8re<\/span><\/h3>\n<h4 style=\"text-align: justify;\"><span style=\"color: #000000;\">L\u2019Agence Havas nous communique la d\u00e9p\u00eache suivante&nbsp;:<\/span><\/h4>\n<h4 style=\"text-align: justify;\"><span style=\"color: #000000;\">Belfort le 23 mai 1887<\/span><\/h4>\n<h4 style=\"text-align: justify;\"><span style=\"color: #000000;\">La gendarmerie allemande a arr\u00eat\u00e9 hier \u00e0 Montreux-Vieux, MM. Reinbold et Schmitt, tous deux employ\u00e9s fran\u00e7ais aux Chemins de fer de l\u2019Est. Ils seraient accus\u00e9s d\u2019avoir arrach\u00e9 le poteau allemand de d\u00e9limitation de la fronti\u00e8re.<\/span><\/h4>\n<h4 style=\"text-align: justify;\"><span style=\"color: #000000;\">On ne sait pas encore ou M.M. Reinbold et Schmitt ont \u00e9t\u00e9 conduits.<\/span><\/h4>\n<h4 style=\"text-align: justify;\"><span style=\"color: #000000;\">&nbsp;<\/span><span style=\"color: #000000;\">D\u2019autre part, un autre journal publie sur cette affaire les renseignements suivants&nbsp;:<\/span><\/h4>\n<h4 style=\"text-align: justify;\"><span style=\"color: #000000;\">Belfort 23 mai 1887<\/span><\/h4>\n<h4 style=\"text-align: justify;\"><span style=\"color: #000000;\">Le parquet de Mulhouse a ordonn\u00e9 l\u2019arrestation de deux employ\u00e9s du chemin de fer de l\u2019Est.<\/span><\/h4>\n<h4 style=\"text-align: justify;\"><span style=\"color: #000000;\">Accus\u00e9s d\u2019avoir arrach\u00e9 le poteau allemand de d\u00e9limitation de la fronti\u00e8re, MM. Reinbold et Schmitt ont \u00e9t\u00e9 arr\u00eat\u00e9s hier par la gendarmerie allemande et conduit sans escorte \u00e0 la prison de Mulhouse.<\/span><\/h4>\n<h4 style=\"text-align: justify;\"><span style=\"color: #000000;\">Ils ont \u00e9t\u00e9 arr\u00eat\u00e9s \u00e0 Montreux-Vieux alors que leur service les appelait dans cette localit\u00e9 qui est la premi\u00e8re station&nbsp; allemande que l\u2019on rencontre sur le chemin de fer de Belfort \u00e0 Mulhouse.<\/span><\/h4>\n<h4 style=\"text-align: justify;\"><span style=\"color: #000000;\">Montreux-Vieux n\u2019est s\u00e9par\u00e9 de Montreux-Jeune, qui est rest\u00e9 fran\u00e7ais que par un ruisseau dont le cours constitue toute la fronti\u00e8re.<\/span><\/h4>\n<h4 style=\"text-align: justify;\"><span style=\"color: #000000;\">La population est indign\u00e9e de cet acte arbitraire, commis en dehors de tout droit international.<\/span><\/h4>\n<p style=\"text-align: justify;\"><span style=\"color: #000000;\">&nbsp;<\/span><\/p>\n","protected":false},"excerpt":{"rendered":"<p>Un nouvel incident \u00e0 la fronti\u00e8re L\u2019Agence Havas nous communique la d\u00e9p\u00eache suivante&nbsp;: Belfort le 23 mai 1887 La gendarmerie allemande a arr\u00eat\u00e9 hier \u00e0 Montreux-Vieux, MM. Reinbold et Schmitt, tous deux employ\u00e9s fran\u00e7ais aux Chemins de fer de l\u2019Est. &hellip; <a href=\"https:\/\/montreux-vieux.net\/?page_id=2115\">Continuer la lecture <span class=\"meta-nav\">&rarr;<\/span><\/a><\/p>\n","protected":false},"author":1,"featured_media":0,"parent":13044,"menu_order":6,"comment_status":"open","ping_status":"open","template":"","meta":{"footnotes":""},"class_list":["post-2115","page","type-page","status-publish","hentry"],"_links":{"self":[{"href":"https:\/\/montreux-vieux.net\/index.php?rest_route=\/wp\/v2\/pages\/2115","targetHints":{"allow":["GET"]}}],"collection":[{"href":"https:\/\/montreux-vieux.net\/index.php?rest_route=\/wp\/v2\/pages"}],"about":[{"href":"https:\/\/montreux-vieux.net\/index.php?rest_route=\/wp\/v2\/types\/page"}],"author":[{"embeddable":true,"href":"https:\/\/montreux-vieux.net\/index.php?rest_route=\/wp\/v2\/users\/1"}],"replies":[{"embeddable":true,"href":"https:\/\/montreux-vieux.net\/index.php?rest_route=%2Fwp%2Fv2%2Fcomments&post=2115"}],"version-history":[{"count":7,"href":"https:\/\/montreux-vieux.net\/index.php?rest_route=\/wp\/v2\/pages\/2115\/revisions"}],"predecessor-version":[{"id":13082,"href":"https:\/\/montreux-vieux.net\/index.php?rest_route=\/wp\/v2\/pages\/2115\/revisions\/13082"}],"up":[{"embeddable":true,"href":"https:\/\/montreux-vieux.net\/index.php?rest_route=\/wp\/v2\/pages\/13044"}],"wp:attachment":[{"href":"https:\/\/montreux-vieux.net\/index.php?rest_route=%2Fwp%2Fv2%2Fmedia&parent=2115"}],"curies":[{"name":"wp","href":"https:\/\/api.w.org\/{rel}","templated":true}]}}