{"id":21153,"date":"2020-09-27T17:05:17","date_gmt":"2020-09-27T16:05:17","guid":{"rendered":"http:\/\/montreux-vieux.net\/?page_id=21153"},"modified":"2020-09-27T17:05:17","modified_gmt":"2020-09-27T16:05:17","slug":"fin-des-cours-dete-a-lecole-alsacienne-de-commerce","status":"publish","type":"page","link":"https:\/\/montreux-vieux.net\/?page_id=21153","title":{"rendered":"Fin des  Cours d\u2019\u00e9t\u00e9 \u00e0 l\u2019Ecole Alsacienne de Commerce"},"content":{"rendered":"\n<p>Fin des&nbsp; Cours d\u2019\u00e9t\u00e9 \u00e0 l\u2019Ecole Alsacienne de Commerce. L&rsquo;Ecole Alsacienne de commerce (directeur MM. Grunder fr\u00e8res) vient de terminer ses cours d&rsquo;\u00e9t\u00e9 1920.<\/p>\n\n\n\n<p>Aux examens de sortie les \u00e9l\u00e8ves dont voici les noms re\u00e7urent le dipl\u00f4me de l&rsquo;\u00e9cole avec :<\/p>\n\n\n\n<p>Mention tr\u00e8s bien : Stutz Andr\u00e9e, Ufholtz, Schwob Jeanne, Guebwiller, Roff Joseph, Montreux-Vieux<\/p>\n\n\n\n<p>Sources&nbsp;: L\u2019Express de Mulhouse 30 septembre 1926<\/p>\n","protected":false},"excerpt":{"rendered":"<p>Fin des&nbsp; Cours d\u2019\u00e9t\u00e9 \u00e0 l\u2019Ecole Alsacienne de Commerce. L&rsquo;Ecole Alsacienne de commerce (directeur MM. Grunder fr\u00e8res) vient de terminer ses cours d&rsquo;\u00e9t\u00e9 1920. Aux examens de sortie les \u00e9l\u00e8ves dont voici les noms re\u00e7urent le dipl\u00f4me de l&rsquo;\u00e9cole avec &hellip; <a href=\"https:\/\/montreux-vieux.net\/?page_id=21153\">Continuer la lecture <span class=\"meta-nav\">&rarr;<\/span><\/a><\/p>\n","protected":false},"author":1,"featured_media":0,"parent":13095,"menu_order":185,"comment_status":"closed","ping_status":"open","template":"","meta":{"footnotes":""},"class_list":["post-21153","page","type-page","status-publish","hentry"],"_links":{"self":[{"href":"https:\/\/montreux-vieux.net\/index.php?rest_route=\/wp\/v2\/pages\/21153","targetHints":{"allow":["GET"]}}],"collection":[{"href":"https:\/\/montreux-vieux.net\/index.php?rest_route=\/wp\/v2\/pages"}],"about":[{"href":"https:\/\/montreux-vieux.net\/index.php?rest_route=\/wp\/v2\/types\/page"}],"author":[{"embeddable":true,"href":"https:\/\/montreux-vieux.net\/index.php?rest_route=\/wp\/v2\/users\/1"}],"replies":[{"embeddable":true,"href":"https:\/\/montreux-vieux.net\/index.php?rest_route=%2Fwp%2Fv2%2Fcomments&post=21153"}],"version-history":[{"count":1,"href":"https:\/\/montreux-vieux.net\/index.php?rest_route=\/wp\/v2\/pages\/21153\/revisions"}],"predecessor-version":[{"id":21154,"href":"https:\/\/montreux-vieux.net\/index.php?rest_route=\/wp\/v2\/pages\/21153\/revisions\/21154"}],"up":[{"embeddable":true,"href":"https:\/\/montreux-vieux.net\/index.php?rest_route=\/wp\/v2\/pages\/13095"}],"wp:attachment":[{"href":"https:\/\/montreux-vieux.net\/index.php?rest_route=%2Fwp%2Fv2%2Fmedia&parent=21153"}],"curies":[{"name":"wp","href":"https:\/\/api.w.org\/{rel}","templated":true}]}}