{"id":21161,"date":"2020-09-27T17:14:12","date_gmt":"2020-09-27T16:14:12","guid":{"rendered":"http:\/\/montreux-vieux.net\/?page_id=21161"},"modified":"2020-09-27T17:16:48","modified_gmt":"2020-09-27T16:16:48","slug":"deserteurs","status":"publish","type":"page","link":"https:\/\/montreux-vieux.net\/?page_id=21161","title":{"rendered":"D\u00e9serteurs"},"content":{"rendered":"\n<p>D\u00e9serteurs&nbsp;: Pour d\u00e9sertion et haute trahison sont recherch\u00e9s par les autorit\u00e9s militaires allemandes&nbsp;: Robert Louis Wittwer, r\u00e9serv. Electricien \u00e0 Montreux-Vieux<\/p>\n\n\n\n<p>Sources&nbsp;: L\u2019Alsacien Lorrain de Paris 11 juin 1916<\/p>\n","protected":false},"excerpt":{"rendered":"<p>D\u00e9serteurs&nbsp;: Pour d\u00e9sertion et haute trahison sont recherch\u00e9s par les autorit\u00e9s militaires allemandes&nbsp;: Robert Louis Wittwer, r\u00e9serv. Electricien \u00e0 Montreux-Vieux Sources&nbsp;: L\u2019Alsacien Lorrain de Paris 11 juin 1916<\/p>\n","protected":false},"author":1,"featured_media":0,"parent":12673,"menu_order":165,"comment_status":"closed","ping_status":"open","template":"","meta":{"footnotes":""},"class_list":["post-21161","page","type-page","status-publish","hentry"],"_links":{"self":[{"href":"https:\/\/montreux-vieux.net\/index.php?rest_route=\/wp\/v2\/pages\/21161","targetHints":{"allow":["GET"]}}],"collection":[{"href":"https:\/\/montreux-vieux.net\/index.php?rest_route=\/wp\/v2\/pages"}],"about":[{"href":"https:\/\/montreux-vieux.net\/index.php?rest_route=\/wp\/v2\/types\/page"}],"author":[{"embeddable":true,"href":"https:\/\/montreux-vieux.net\/index.php?rest_route=\/wp\/v2\/users\/1"}],"replies":[{"embeddable":true,"href":"https:\/\/montreux-vieux.net\/index.php?rest_route=%2Fwp%2Fv2%2Fcomments&post=21161"}],"version-history":[{"count":1,"href":"https:\/\/montreux-vieux.net\/index.php?rest_route=\/wp\/v2\/pages\/21161\/revisions"}],"predecessor-version":[{"id":21162,"href":"https:\/\/montreux-vieux.net\/index.php?rest_route=\/wp\/v2\/pages\/21161\/revisions\/21162"}],"up":[{"embeddable":true,"href":"https:\/\/montreux-vieux.net\/index.php?rest_route=\/wp\/v2\/pages\/12673"}],"wp:attachment":[{"href":"https:\/\/montreux-vieux.net\/index.php?rest_route=%2Fwp%2Fv2%2Fmedia&parent=21161"}],"curies":[{"name":"wp","href":"https:\/\/api.w.org\/{rel}","templated":true}]}}