{"id":21168,"date":"2020-09-28T15:50:47","date_gmt":"2020-09-28T14:50:47","guid":{"rendered":"http:\/\/montreux-vieux.net\/?page_id=21168"},"modified":"2020-09-28T15:50:47","modified_gmt":"2020-09-28T14:50:47","slug":"le-garde-champetre-vole","status":"publish","type":"page","link":"https:\/\/montreux-vieux.net\/?page_id=21168","title":{"rendered":"Le garde champ\u00eatre vol\u00e9"},"content":{"rendered":"\n<p>Perey Marie, femme Sfey, 24 ans, m\u00e9nag\u00e8re Montreux-Vieux, a soustrait une somme de 500 frs au pr\u00e9judice du sieur Besan\u00e7on Edmond, garde-champ\u00eatre au dit lieu. Au moment de son arrestation, la dame Sfey \u00e9tait encore en possession de 480 frs qui s ont \u00e9t\u00e9 remis au plaignant: elle a eu 6 mois de prison avec sursis.<\/p>\n\n\n\n<p>Sources&nbsp;: L\u2019Express de Mulhouse 7 novembre 1925<\/p>\n","protected":false},"excerpt":{"rendered":"<p>Perey Marie, femme Sfey, 24 ans, m\u00e9nag\u00e8re Montreux-Vieux, a soustrait une somme de 500 frs au pr\u00e9judice du sieur Besan\u00e7on Edmond, garde-champ\u00eatre au dit lieu. Au moment de son arrestation, la dame Sfey \u00e9tait encore en possession de 480 frs &hellip; <a href=\"https:\/\/montreux-vieux.net\/?page_id=21168\">Continuer la lecture <span class=\"meta-nav\">&rarr;<\/span><\/a><\/p>\n","protected":false},"author":1,"featured_media":0,"parent":13044,"menu_order":730,"comment_status":"closed","ping_status":"open","template":"","meta":{"footnotes":""},"class_list":["post-21168","page","type-page","status-publish","hentry"],"_links":{"self":[{"href":"https:\/\/montreux-vieux.net\/index.php?rest_route=\/wp\/v2\/pages\/21168","targetHints":{"allow":["GET"]}}],"collection":[{"href":"https:\/\/montreux-vieux.net\/index.php?rest_route=\/wp\/v2\/pages"}],"about":[{"href":"https:\/\/montreux-vieux.net\/index.php?rest_route=\/wp\/v2\/types\/page"}],"author":[{"embeddable":true,"href":"https:\/\/montreux-vieux.net\/index.php?rest_route=\/wp\/v2\/users\/1"}],"replies":[{"embeddable":true,"href":"https:\/\/montreux-vieux.net\/index.php?rest_route=%2Fwp%2Fv2%2Fcomments&post=21168"}],"version-history":[{"count":1,"href":"https:\/\/montreux-vieux.net\/index.php?rest_route=\/wp\/v2\/pages\/21168\/revisions"}],"predecessor-version":[{"id":21169,"href":"https:\/\/montreux-vieux.net\/index.php?rest_route=\/wp\/v2\/pages\/21168\/revisions\/21169"}],"up":[{"embeddable":true,"href":"https:\/\/montreux-vieux.net\/index.php?rest_route=\/wp\/v2\/pages\/13044"}],"wp:attachment":[{"href":"https:\/\/montreux-vieux.net\/index.php?rest_route=%2Fwp%2Fv2%2Fmedia&parent=21168"}],"curies":[{"name":"wp","href":"https:\/\/api.w.org\/{rel}","templated":true}]}}