{"id":2117,"date":"2011-11-01T10:55:41","date_gmt":"2011-11-01T09:55:41","guid":{"rendered":"http:\/\/montreux-vieux.org\/?page_id=2117"},"modified":"2020-06-21T10:56:51","modified_gmt":"2020-06-21T09:56:51","slug":"un-chef-de-district-trouve-pendu","status":"publish","type":"page","link":"https:\/\/montreux-vieux.net\/?page_id=2117","title":{"rendered":"Un chef de district trouv\u00e9 pendu"},"content":{"rendered":"<h3 style=\"text-align: center;\"><span style=\"color: #000000;\">Un chef de district trouv\u00e9 pendu<\/span><\/h3>\n<p><img decoding=\"async\" class=\"aligncenter\" src=\"http:\/\/montreux-vieux.net\/montreux-vieux.net\/wp-content\/uploads\/2012\/02\/ScreenShot0251-300x187.jpg\" \/><\/p>\n<h4 style=\"text-align: justify;\">Belfort le 26 f\u00e9vrier 1892<\/h4>\n<h4 style=\"text-align: justify;\">On vient de trouver \u00e0 Montreux-Vieux, sous un r\u00e9servoir d\u2019eau de la gare, pendu au moyen d\u2019un fil de fer, le cadavre d\u2019un chef de district, employ\u00e9 sur la ligne de Montreux-Vieux \u00e0 Mulhouse.<\/h4>\n<hr \/>\n<p style=\"text-align: justify; line-height: 18.0pt; background: white; margin: 6.0pt 0cm 6.0pt 0cm;\"><span style=\"font-family: 'Arial','sans-serif'; color: #4d4d4d; background: white;\">Montreux-Vieux. \u2014 On nous \u00e9crit le 26 : M. Lohnsetzer, chef de voie de la gare de Montreux-Vieux, s\u2019est pendu dans un acc\u00e8s d\u2019ali\u00e9nation mentale<\/span><\/p>\n<p style=\"text-align: justify; line-height: 18.0pt; background: white; margin: 6.0pt 0cm 6.0pt 0cm;\"><span style=\"font-family: 'Arial','sans-serif'; color: #4d4d4d; background: white;\">Sources\u00a0: Express 27 f\u00e9vrier 1892<\/span><\/p>\n\n\n<p><\/p>\n","protected":false},"excerpt":{"rendered":"<p>Un chef de district trouv\u00e9 pendu Belfort le 26 f\u00e9vrier 1892 On vient de trouver \u00e0 Montreux-Vieux, sous un r\u00e9servoir d\u2019eau de la gare, pendu au moyen d\u2019un fil de fer, le cadavre d\u2019un chef de district, employ\u00e9 sur la &hellip; <a href=\"https:\/\/montreux-vieux.net\/?page_id=2117\">Continuer la lecture <span class=\"meta-nav\">&rarr;<\/span><\/a><\/p>\n","protected":false},"author":1,"featured_media":0,"parent":13013,"menu_order":4,"comment_status":"open","ping_status":"open","template":"","meta":{"footnotes":""},"class_list":["post-2117","page","type-page","status-publish","hentry"],"_links":{"self":[{"href":"https:\/\/montreux-vieux.net\/index.php?rest_route=\/wp\/v2\/pages\/2117","targetHints":{"allow":["GET"]}}],"collection":[{"href":"https:\/\/montreux-vieux.net\/index.php?rest_route=\/wp\/v2\/pages"}],"about":[{"href":"https:\/\/montreux-vieux.net\/index.php?rest_route=\/wp\/v2\/types\/page"}],"author":[{"embeddable":true,"href":"https:\/\/montreux-vieux.net\/index.php?rest_route=\/wp\/v2\/users\/1"}],"replies":[{"embeddable":true,"href":"https:\/\/montreux-vieux.net\/index.php?rest_route=%2Fwp%2Fv2%2Fcomments&post=2117"}],"version-history":[{"count":6,"href":"https:\/\/montreux-vieux.net\/index.php?rest_route=\/wp\/v2\/pages\/2117\/revisions"}],"predecessor-version":[{"id":19787,"href":"https:\/\/montreux-vieux.net\/index.php?rest_route=\/wp\/v2\/pages\/2117\/revisions\/19787"}],"up":[{"embeddable":true,"href":"https:\/\/montreux-vieux.net\/index.php?rest_route=\/wp\/v2\/pages\/13013"}],"wp:attachment":[{"href":"https:\/\/montreux-vieux.net\/index.php?rest_route=%2Fwp%2Fv2%2Fmedia&parent=2117"}],"curies":[{"name":"wp","href":"https:\/\/api.w.org\/{rel}","templated":true}]}}