{"id":21172,"date":"2020-09-28T15:58:22","date_gmt":"2020-09-28T14:58:22","guid":{"rendered":"http:\/\/montreux-vieux.net\/?page_id=21172"},"modified":"2020-09-28T15:58:22","modified_gmt":"2020-09-28T14:58:22","slug":"deserteur","status":"publish","type":"page","link":"https:\/\/montreux-vieux.net\/?page_id=21172","title":{"rendered":"D\u00e9serteur"},"content":{"rendered":"\n<p>Montreux-Vieux, 22 septembre. \u2014 Un jeune homme se disant \u00eatre un nomm\u00e9 Reinmann de Colmar, avait \u00e9t\u00e9 arr\u00eat\u00e9 samedi, ici, par le gendarme de service \u00e0 la gare, qui soup\u00e7onnait en lui un d\u00e9serteur. Enferm\u00e9 dans la cellule du violon, les menottes aux mains, le jeune d\u00e9tenu a r\u00e9ussi \u00e0 se d\u00e9barrasser de ses liens. Il a fractur\u00e9 la porte au moyen d\u2019un morceau de fer arrach\u00e9 du fourneau et a pris le large. Sources\u00a0: Express 24 septembre 1891<\/p>\n","protected":false},"excerpt":{"rendered":"<p>Montreux-Vieux, 22 septembre. \u2014 Un jeune homme se disant \u00eatre un nomm\u00e9 Reinmann de Colmar, avait \u00e9t\u00e9 arr\u00eat\u00e9 samedi, ici, par le gendarme de service \u00e0 la gare, qui soup\u00e7onnait en lui un d\u00e9serteur. Enferm\u00e9 dans la cellule du violon, &hellip; <a href=\"https:\/\/montreux-vieux.net\/?page_id=21172\">Continuer la lecture <span class=\"meta-nav\">&rarr;<\/span><\/a><\/p>\n","protected":false},"author":1,"featured_media":0,"parent":13044,"menu_order":735,"comment_status":"closed","ping_status":"open","template":"","meta":{"footnotes":""},"class_list":["post-21172","page","type-page","status-publish","hentry"],"_links":{"self":[{"href":"https:\/\/montreux-vieux.net\/index.php?rest_route=\/wp\/v2\/pages\/21172","targetHints":{"allow":["GET"]}}],"collection":[{"href":"https:\/\/montreux-vieux.net\/index.php?rest_route=\/wp\/v2\/pages"}],"about":[{"href":"https:\/\/montreux-vieux.net\/index.php?rest_route=\/wp\/v2\/types\/page"}],"author":[{"embeddable":true,"href":"https:\/\/montreux-vieux.net\/index.php?rest_route=\/wp\/v2\/users\/1"}],"replies":[{"embeddable":true,"href":"https:\/\/montreux-vieux.net\/index.php?rest_route=%2Fwp%2Fv2%2Fcomments&post=21172"}],"version-history":[{"count":1,"href":"https:\/\/montreux-vieux.net\/index.php?rest_route=\/wp\/v2\/pages\/21172\/revisions"}],"predecessor-version":[{"id":21173,"href":"https:\/\/montreux-vieux.net\/index.php?rest_route=\/wp\/v2\/pages\/21172\/revisions\/21173"}],"up":[{"embeddable":true,"href":"https:\/\/montreux-vieux.net\/index.php?rest_route=\/wp\/v2\/pages\/13044"}],"wp:attachment":[{"href":"https:\/\/montreux-vieux.net\/index.php?rest_route=%2Fwp%2Fv2%2Fmedia&parent=21172"}],"curies":[{"name":"wp","href":"https:\/\/api.w.org\/{rel}","templated":true}]}}