{"id":21190,"date":"2020-09-29T10:58:12","date_gmt":"2020-09-29T09:58:12","guid":{"rendered":"http:\/\/montreux-vieux.net\/?page_id=21190"},"modified":"2020-09-29T10:58:12","modified_gmt":"2020-09-29T09:58:12","slug":"severites-a-la-frontiere","status":"publish","type":"page","link":"https:\/\/montreux-vieux.net\/?page_id=21190","title":{"rendered":"S\u00e9v\u00e9rit\u00e9s \u00e0 la fronti\u00e8re"},"content":{"rendered":"\n<p>Application de l&rsquo;ordonnance du 23 mai 1888 De Belfort \u00e0 l\u00e0 Petite Presse : C&rsquo;est ce matin que le retour des s\u00e9v\u00e9rit\u00e9s \u00e0 la fronti\u00e8re franco-allemande s&rsquo;est fait; A la gare-de Montreux-Vieux, le commissaire sp\u00e9cial, flanqu\u00e9 de deux gendarmes, a r\u00e9occup\u00e9 son fameux poste d\u00e8s quatre heur\u00e9s du matin, barrant le passage aux voyageurs \u00e0 l&rsquo;entr\u00e9e du couloir qui s\u00e9pare la salle des douanes des salles d&rsquo;attente, exigeant l&rsquo;exhibition du passeport ou de la passkarte<\/p>\n\n\n\n<p>Plusieurs personnes s&rsquo;ont d\u00e9j\u00e0 revenues \u00e0 Belfort, refoul\u00e9es \u00e0 la gare de Montreux-Vieux. Aux fronti\u00e8res routi\u00e8res les douaniers,les-forestiers et les gendarmes veillent \u00e0 l&rsquo;ex\u00e9cution des-nouveaux ordres venus de Berlin. De plus, un gendarme .d\u00e9tach\u00e9 des brigades de Dannemarie et de. Massevaux occupe&nbsp; chaque gare sur la ligne de Massevaux \u00e0. Cernay .qui longe la fronti\u00e8re franco-allemand.&nbsp;<\/p>\n\n\n\n<p>Sources&nbsp;: La Presse 5 mars 1891<\/p>\n","protected":false},"excerpt":{"rendered":"<p>Application de l&rsquo;ordonnance du 23 mai 1888 De Belfort \u00e0 l\u00e0 Petite Presse : C&rsquo;est ce matin que le retour des s\u00e9v\u00e9rit\u00e9s \u00e0 la fronti\u00e8re franco-allemande s&rsquo;est fait; A la gare-de Montreux-Vieux, le commissaire sp\u00e9cial, flanqu\u00e9 de deux gendarmes, a &hellip; <a href=\"https:\/\/montreux-vieux.net\/?page_id=21190\">Continuer la lecture <span class=\"meta-nav\">&rarr;<\/span><\/a><\/p>\n","protected":false},"author":1,"featured_media":0,"parent":20403,"menu_order":85,"comment_status":"closed","ping_status":"open","template":"","meta":{"footnotes":""},"class_list":["post-21190","page","type-page","status-publish","hentry"],"_links":{"self":[{"href":"https:\/\/montreux-vieux.net\/index.php?rest_route=\/wp\/v2\/pages\/21190","targetHints":{"allow":["GET"]}}],"collection":[{"href":"https:\/\/montreux-vieux.net\/index.php?rest_route=\/wp\/v2\/pages"}],"about":[{"href":"https:\/\/montreux-vieux.net\/index.php?rest_route=\/wp\/v2\/types\/page"}],"author":[{"embeddable":true,"href":"https:\/\/montreux-vieux.net\/index.php?rest_route=\/wp\/v2\/users\/1"}],"replies":[{"embeddable":true,"href":"https:\/\/montreux-vieux.net\/index.php?rest_route=%2Fwp%2Fv2%2Fcomments&post=21190"}],"version-history":[{"count":1,"href":"https:\/\/montreux-vieux.net\/index.php?rest_route=\/wp\/v2\/pages\/21190\/revisions"}],"predecessor-version":[{"id":21191,"href":"https:\/\/montreux-vieux.net\/index.php?rest_route=\/wp\/v2\/pages\/21190\/revisions\/21191"}],"up":[{"embeddable":true,"href":"https:\/\/montreux-vieux.net\/index.php?rest_route=\/wp\/v2\/pages\/20403"}],"wp:attachment":[{"href":"https:\/\/montreux-vieux.net\/index.php?rest_route=%2Fwp%2Fv2%2Fmedia&parent=21190"}],"curies":[{"name":"wp","href":"https:\/\/api.w.org\/{rel}","templated":true}]}}