{"id":21194,"date":"2020-09-29T11:06:09","date_gmt":"2020-09-29T10:06:09","guid":{"rendered":"http:\/\/montreux-vieux.net\/?page_id=21194"},"modified":"2020-09-29T11:06:20","modified_gmt":"2020-09-29T10:06:20","slug":"incidents-a-la-frontiere-allemande","status":"publish","type":"page","link":"https:\/\/montreux-vieux.net\/?page_id=21194","title":{"rendered":"Incidents \u00e0 la fronti\u00e8re allemande"},"content":{"rendered":"\n<p>Incidents \u00e0 la fronti\u00e8re allemande Belfort. 20 avril. Hier matin, \u00e0 Montreux-Vieux, un voyageur fran\u00e7ais, qui arrivait par le train poste de Paris, lisait la France dans la salle des Pas-Perdus, sans se rappeler probablement que le journal est interdit en Alsace. Le gendarme de service, qui se trouve \u00e0 la sortie des voyageurs, ayant aper\u00e7u un des journaux qui ont le don de d\u00e9plaire \u00e0 l\u2019administration teutonne, s\u2019approcha de notre compatriote, et, sans autre observation, lui arracha la feuille des mains. Le plus dr\u00f4le de l\u2019affaire, c\u2019est que le gendarme s&rsquo;en alla s&rsquo;asseoir dans la salle d\u2019attente des troisi\u00e8mes et l\u00e0 se mit \u00e0 lire bien tranquillement la \u00ab France \u00bb, au nez et \u00e0 la barbe du Fran\u00e7ais, dont je renonce \u00e0 peindre l\u2019\u00e9bahissement.<\/p>\n\n\n\n<p>Sources&nbsp;: Le Bien Public 22 avril 1892<\/p>\n","protected":false},"excerpt":{"rendered":"<p>Incidents \u00e0 la fronti\u00e8re allemande Belfort. 20 avril. Hier matin, \u00e0 Montreux-Vieux, un voyageur fran\u00e7ais, qui arrivait par le train poste de Paris, lisait la France dans la salle des Pas-Perdus, sans se rappeler probablement que le journal est interdit &hellip; <a href=\"https:\/\/montreux-vieux.net\/?page_id=21194\">Continuer la lecture <span class=\"meta-nav\">&rarr;<\/span><\/a><\/p>\n","protected":false},"author":1,"featured_media":0,"parent":20403,"menu_order":90,"comment_status":"closed","ping_status":"open","template":"","meta":{"footnotes":""},"class_list":["post-21194","page","type-page","status-publish","hentry"],"_links":{"self":[{"href":"https:\/\/montreux-vieux.net\/index.php?rest_route=\/wp\/v2\/pages\/21194","targetHints":{"allow":["GET"]}}],"collection":[{"href":"https:\/\/montreux-vieux.net\/index.php?rest_route=\/wp\/v2\/pages"}],"about":[{"href":"https:\/\/montreux-vieux.net\/index.php?rest_route=\/wp\/v2\/types\/page"}],"author":[{"embeddable":true,"href":"https:\/\/montreux-vieux.net\/index.php?rest_route=\/wp\/v2\/users\/1"}],"replies":[{"embeddable":true,"href":"https:\/\/montreux-vieux.net\/index.php?rest_route=%2Fwp%2Fv2%2Fcomments&post=21194"}],"version-history":[{"count":2,"href":"https:\/\/montreux-vieux.net\/index.php?rest_route=\/wp\/v2\/pages\/21194\/revisions"}],"predecessor-version":[{"id":21196,"href":"https:\/\/montreux-vieux.net\/index.php?rest_route=\/wp\/v2\/pages\/21194\/revisions\/21196"}],"up":[{"embeddable":true,"href":"https:\/\/montreux-vieux.net\/index.php?rest_route=\/wp\/v2\/pages\/20403"}],"wp:attachment":[{"href":"https:\/\/montreux-vieux.net\/index.php?rest_route=%2Fwp%2Fv2%2Fmedia&parent=21194"}],"curies":[{"name":"wp","href":"https:\/\/api.w.org\/{rel}","templated":true}]}}