{"id":21219,"date":"2020-09-30T08:22:47","date_gmt":"2020-09-30T07:22:47","guid":{"rendered":"http:\/\/montreux-vieux.net\/?page_id=21219"},"modified":"2020-09-30T08:22:47","modified_gmt":"2020-09-30T07:22:47","slug":"limportation-de-fleurs","status":"publish","type":"page","link":"https:\/\/montreux-vieux.net\/?page_id=21219","title":{"rendered":"L\u2019importation de fleurs"},"content":{"rendered":"\n<p>MONTREE X-VIEUX, 30 janvier. \u2014 L\u2019importation de fleurs du sud de la France croit chaque ann\u00e9e. Il ne se passe pas de jours o\u00f9 un wagon venant de Nice, de Grasse ou de Menton ne stationne en gare .de Montreux Vieux. Les fleurs sont g\u00e9n\u00e9ralement dirig\u00e9es sur Berlin pour \u00eatre de l\u00e0 exp\u00e9di\u00e9es dans toutes les parties de l\u2019Allemagne.<\/p>\n\n\n\n<p>Sources&nbsp;: Express 1<sup>er<\/sup> f\u00e9vrier 1913<\/p>\n","protected":false},"excerpt":{"rendered":"<p>MONTREE X-VIEUX, 30 janvier. \u2014 L\u2019importation de fleurs du sud de la France croit chaque ann\u00e9e. Il ne se passe pas de jours o\u00f9 un wagon venant de Nice, de Grasse ou de Menton ne stationne en gare .de Montreux &hellip; <a href=\"https:\/\/montreux-vieux.net\/?page_id=21219\">Continuer la lecture <span class=\"meta-nav\">&rarr;<\/span><\/a><\/p>\n","protected":false},"author":1,"featured_media":0,"parent":13007,"menu_order":120,"comment_status":"closed","ping_status":"open","template":"","meta":{"footnotes":""},"class_list":["post-21219","page","type-page","status-publish","hentry"],"_links":{"self":[{"href":"https:\/\/montreux-vieux.net\/index.php?rest_route=\/wp\/v2\/pages\/21219","targetHints":{"allow":["GET"]}}],"collection":[{"href":"https:\/\/montreux-vieux.net\/index.php?rest_route=\/wp\/v2\/pages"}],"about":[{"href":"https:\/\/montreux-vieux.net\/index.php?rest_route=\/wp\/v2\/types\/page"}],"author":[{"embeddable":true,"href":"https:\/\/montreux-vieux.net\/index.php?rest_route=\/wp\/v2\/users\/1"}],"replies":[{"embeddable":true,"href":"https:\/\/montreux-vieux.net\/index.php?rest_route=%2Fwp%2Fv2%2Fcomments&post=21219"}],"version-history":[{"count":1,"href":"https:\/\/montreux-vieux.net\/index.php?rest_route=\/wp\/v2\/pages\/21219\/revisions"}],"predecessor-version":[{"id":21220,"href":"https:\/\/montreux-vieux.net\/index.php?rest_route=\/wp\/v2\/pages\/21219\/revisions\/21220"}],"up":[{"embeddable":true,"href":"https:\/\/montreux-vieux.net\/index.php?rest_route=\/wp\/v2\/pages\/13007"}],"wp:attachment":[{"href":"https:\/\/montreux-vieux.net\/index.php?rest_route=%2Fwp%2Fv2%2Fmedia&parent=21219"}],"curies":[{"name":"wp","href":"https:\/\/api.w.org\/{rel}","templated":true}]}}