{"id":21222,"date":"2020-09-30T08:25:40","date_gmt":"2020-09-30T07:25:40","guid":{"rendered":"http:\/\/montreux-vieux.net\/?page_id=21222"},"modified":"2020-09-30T08:25:40","modified_gmt":"2020-09-30T07:25:40","slug":"expedition-de-raison-et-monnaie","status":"publish","type":"page","link":"https:\/\/montreux-vieux.net\/?page_id=21222","title":{"rendered":"Exp\u00e9dition de raison et monnaie"},"content":{"rendered":"\n<p>Montreux-Vieux, 10 ao\u00fbt. \u2014 De nombreuses exp\u00e9ditions de raisins de table arrivent du Midi de la France \u00e0 destination de Berlin et de Munich. Hier, apr\u00e8s-midi, au train de Belfort, \u00e9tait accroch\u00e9 un wagon complet d\u2019argent monnay\u00e9 \u00e0 destination de la Suisse<\/p>\n\n\n\n<p>Sources&nbsp;: Express 12 ao\u00fbt 1900<\/p>\n","protected":false},"excerpt":{"rendered":"<p>Montreux-Vieux, 10 ao\u00fbt. \u2014 De nombreuses exp\u00e9ditions de raisins de table arrivent du Midi de la France \u00e0 destination de Berlin et de Munich. Hier, apr\u00e8s-midi, au train de Belfort, \u00e9tait accroch\u00e9 un wagon complet d\u2019argent monnay\u00e9 \u00e0 destination de &hellip; <a href=\"https:\/\/montreux-vieux.net\/?page_id=21222\">Continuer la lecture <span class=\"meta-nav\">&rarr;<\/span><\/a><\/p>\n","protected":false},"author":1,"featured_media":0,"parent":13007,"menu_order":125,"comment_status":"closed","ping_status":"open","template":"","meta":{"footnotes":""},"class_list":["post-21222","page","type-page","status-publish","hentry"],"_links":{"self":[{"href":"https:\/\/montreux-vieux.net\/index.php?rest_route=\/wp\/v2\/pages\/21222","targetHints":{"allow":["GET"]}}],"collection":[{"href":"https:\/\/montreux-vieux.net\/index.php?rest_route=\/wp\/v2\/pages"}],"about":[{"href":"https:\/\/montreux-vieux.net\/index.php?rest_route=\/wp\/v2\/types\/page"}],"author":[{"embeddable":true,"href":"https:\/\/montreux-vieux.net\/index.php?rest_route=\/wp\/v2\/users\/1"}],"replies":[{"embeddable":true,"href":"https:\/\/montreux-vieux.net\/index.php?rest_route=%2Fwp%2Fv2%2Fcomments&post=21222"}],"version-history":[{"count":1,"href":"https:\/\/montreux-vieux.net\/index.php?rest_route=\/wp\/v2\/pages\/21222\/revisions"}],"predecessor-version":[{"id":21223,"href":"https:\/\/montreux-vieux.net\/index.php?rest_route=\/wp\/v2\/pages\/21222\/revisions\/21223"}],"up":[{"embeddable":true,"href":"https:\/\/montreux-vieux.net\/index.php?rest_route=\/wp\/v2\/pages\/13007"}],"wp:attachment":[{"href":"https:\/\/montreux-vieux.net\/index.php?rest_route=%2Fwp%2Fv2%2Fmedia&parent=21222"}],"curies":[{"name":"wp","href":"https:\/\/api.w.org\/{rel}","templated":true}]}}