{"id":21225,"date":"2020-10-01T11:07:42","date_gmt":"2020-10-01T10:07:42","guid":{"rendered":"http:\/\/montreux-vieux.net\/?page_id=21225"},"modified":"2020-10-01T11:07:42","modified_gmt":"2020-10-01T10:07:42","slug":"pour-les-malades","status":"publish","type":"page","link":"https:\/\/montreux-vieux.net\/?page_id=21225","title":{"rendered":"Pour les malades"},"content":{"rendered":"\n<p>Pour les malades. \u2014 Sous ce titre nous avons annonc\u00e9 dans notre num\u00e9ro du 7 jan nier que M. le Docteur Kunnemann viendrait, tous les jeudis, donner ses consultations dans un local mis gracieusement \u00e0 sa disposition par la\u00a0 manufacture de coton d\u2019accord avec la municipalit\u00e9. Ces consultations auront lieu \u00e0 partir de 18 heures et non de 19 heures comme il avait \u00e9t\u00e9 annonc\u00e9s pr\u00e9c\u00e9demment.<\/p>\n\n\n\n<p>Sources&nbsp;: Le R\u00e9publicain de Belfort 14 janvier 1928<\/p>\n","protected":false},"excerpt":{"rendered":"<p>Pour les malades. \u2014 Sous ce titre nous avons annonc\u00e9 dans notre num\u00e9ro du 7 jan nier que M. le Docteur Kunnemann viendrait, tous les jeudis, donner ses consultations dans un local mis gracieusement \u00e0 sa disposition par la\u00a0 manufacture &hellip; <a href=\"https:\/\/montreux-vieux.net\/?page_id=21225\">Continuer la lecture <span class=\"meta-nav\">&rarr;<\/span><\/a><\/p>\n","protected":false},"author":1,"featured_media":0,"parent":13095,"menu_order":200,"comment_status":"closed","ping_status":"open","template":"","meta":{"footnotes":""},"class_list":["post-21225","page","type-page","status-publish","hentry"],"_links":{"self":[{"href":"https:\/\/montreux-vieux.net\/index.php?rest_route=\/wp\/v2\/pages\/21225","targetHints":{"allow":["GET"]}}],"collection":[{"href":"https:\/\/montreux-vieux.net\/index.php?rest_route=\/wp\/v2\/pages"}],"about":[{"href":"https:\/\/montreux-vieux.net\/index.php?rest_route=\/wp\/v2\/types\/page"}],"author":[{"embeddable":true,"href":"https:\/\/montreux-vieux.net\/index.php?rest_route=\/wp\/v2\/users\/1"}],"replies":[{"embeddable":true,"href":"https:\/\/montreux-vieux.net\/index.php?rest_route=%2Fwp%2Fv2%2Fcomments&post=21225"}],"version-history":[{"count":1,"href":"https:\/\/montreux-vieux.net\/index.php?rest_route=\/wp\/v2\/pages\/21225\/revisions"}],"predecessor-version":[{"id":21226,"href":"https:\/\/montreux-vieux.net\/index.php?rest_route=\/wp\/v2\/pages\/21225\/revisions\/21226"}],"up":[{"embeddable":true,"href":"https:\/\/montreux-vieux.net\/index.php?rest_route=\/wp\/v2\/pages\/13095"}],"wp:attachment":[{"href":"https:\/\/montreux-vieux.net\/index.php?rest_route=%2Fwp%2Fv2%2Fmedia&parent=21225"}],"curies":[{"name":"wp","href":"https:\/\/api.w.org\/{rel}","templated":true}]}}