{"id":21231,"date":"2020-10-01T11:20:11","date_gmt":"2020-10-01T10:20:11","guid":{"rendered":"http:\/\/montreux-vieux.net\/?page_id=21231"},"modified":"2020-10-01T11:20:11","modified_gmt":"2020-10-01T10:20:11","slug":"lecole-superieure-de-montreux-vieux","status":"publish","type":"page","link":"https:\/\/montreux-vieux.net\/?page_id=21231","title":{"rendered":"l\u2019\u00e9cole sup\u00e9rieure de Montreux-Vieux"},"content":{"rendered":"\n<p>L\u2019an dernier, pour une population d&rsquo;environ 50.000 \u00e2mes, 8.555 enfants ont, suivi les cours de l\u2019\u00e9cole primaire et 250 petits Alsaciens ont passe leur certificat d&rsquo;\u00e9tudes.<\/p>\n\n\n\n<p>Il y a quelques semaines, au concours ouvert \u00e0 Belfort pour l&rsquo;obtention de bourses dans les lyc\u00e9es et coll\u00e8ges, l\u2019\u00e9cole sup\u00e9rieure de Montreux-Vieux (cercle de Dannemane), qui compte 60 \u00e9lever, a pr\u00e9sent\u00e9 12 candidats originaires de Dannemarie. Tous ont \u00e9t\u00e9 re\u00e7us avec les notes les plus \u00e9logieuses.<\/p>\n\n\n\n<p>Mais les progr\u00e8s de la culture fran\u00e7aise apparaissent encore plus saisissants \u00e0 quiconque circule dans le pays. Au contact des enfants fr\u00e9quentant les \u00e9coles, et par suite des rapports familiers avec nos soldats, presque tous les habitants comprennent et parlent depuis longtemps \u00e0 peu pr\u00e8s correctement notre langue.<\/p>\n\n\n\n<p>Sources&nbsp;: L\u2019Heure 12 juin 1918<\/p>\n","protected":false},"excerpt":{"rendered":"<p>L\u2019an dernier, pour une population d&rsquo;environ 50.000 \u00e2mes, 8.555 enfants ont, suivi les cours de l\u2019\u00e9cole primaire et 250 petits Alsaciens ont passe leur certificat d&rsquo;\u00e9tudes. Il y a quelques semaines, au concours ouvert \u00e0 Belfort pour l&rsquo;obtention de bourses &hellip; <a href=\"https:\/\/montreux-vieux.net\/?page_id=21231\">Continuer la lecture <span class=\"meta-nav\">&rarr;<\/span><\/a><\/p>\n","protected":false},"author":1,"featured_media":0,"parent":12826,"menu_order":70,"comment_status":"closed","ping_status":"open","template":"","meta":{"footnotes":""},"class_list":["post-21231","page","type-page","status-publish","hentry"],"_links":{"self":[{"href":"https:\/\/montreux-vieux.net\/index.php?rest_route=\/wp\/v2\/pages\/21231","targetHints":{"allow":["GET"]}}],"collection":[{"href":"https:\/\/montreux-vieux.net\/index.php?rest_route=\/wp\/v2\/pages"}],"about":[{"href":"https:\/\/montreux-vieux.net\/index.php?rest_route=\/wp\/v2\/types\/page"}],"author":[{"embeddable":true,"href":"https:\/\/montreux-vieux.net\/index.php?rest_route=\/wp\/v2\/users\/1"}],"replies":[{"embeddable":true,"href":"https:\/\/montreux-vieux.net\/index.php?rest_route=%2Fwp%2Fv2%2Fcomments&post=21231"}],"version-history":[{"count":1,"href":"https:\/\/montreux-vieux.net\/index.php?rest_route=\/wp\/v2\/pages\/21231\/revisions"}],"predecessor-version":[{"id":21232,"href":"https:\/\/montreux-vieux.net\/index.php?rest_route=\/wp\/v2\/pages\/21231\/revisions\/21232"}],"up":[{"embeddable":true,"href":"https:\/\/montreux-vieux.net\/index.php?rest_route=\/wp\/v2\/pages\/12826"}],"wp:attachment":[{"href":"https:\/\/montreux-vieux.net\/index.php?rest_route=%2Fwp%2Fv2%2Fmedia&parent=21231"}],"curies":[{"name":"wp","href":"https:\/\/api.w.org\/{rel}","templated":true}]}}