{"id":21234,"date":"2020-10-01T15:16:46","date_gmt":"2020-10-01T14:16:46","guid":{"rendered":"http:\/\/montreux-vieux.net\/?page_id=21234"},"modified":"2020-10-01T15:17:15","modified_gmt":"2020-10-01T14:17:15","slug":"vente-par-expropriation","status":"publish","type":"page","link":"https:\/\/montreux-vieux.net\/?page_id=21234","title":{"rendered":"Vente par expropriation"},"content":{"rendered":"\n<p>Vendredi le 18 juin 1886, 4 h, de l\u2019apr\u00e8s-midi, \u00e0 Montreux Vieux, eu la maison commune, il sera proc\u00e9d\u00e9 \u00e0 la vente aux ench\u00e8res publiques d&rsquo;une propri\u00e9t\u00e9 situ\u00e9e \u00e0 Montreux-Vieux, en face de la gare, connue sous la d\u00e9nomination d&rsquo;H\u00f4tel de la Couronne, comprenant maison d\u2019habitation ayant servi jusqu\u2019ici d&rsquo;auberge et de boulangerie, cour, grange, \u00e9curie et autres d\u00e9pendances.<\/p>\n\n\n\n<p>Mise \u00e0 prix 4000 M Pour tous renseignements, s adresser au soussign\u00e9 notaire. Ma\u00eetre Centlivre<\/p>\n\n\n\n<p>Sources&nbsp;: Express 13 juin 1886<\/p>\n","protected":false},"excerpt":{"rendered":"<p>Vendredi le 18 juin 1886, 4 h, de l\u2019apr\u00e8s-midi, \u00e0 Montreux Vieux, eu la maison commune, il sera proc\u00e9d\u00e9 \u00e0 la vente aux ench\u00e8res publiques d&rsquo;une propri\u00e9t\u00e9 situ\u00e9e \u00e0 Montreux-Vieux, en face de la gare, connue sous la d\u00e9nomination d&rsquo;H\u00f4tel &hellip; <a href=\"https:\/\/montreux-vieux.net\/?page_id=21234\">Continuer la lecture <span class=\"meta-nav\">&rarr;<\/span><\/a><\/p>\n","protected":false},"author":1,"featured_media":0,"parent":13095,"menu_order":205,"comment_status":"closed","ping_status":"open","template":"","meta":{"footnotes":""},"class_list":["post-21234","page","type-page","status-publish","hentry"],"_links":{"self":[{"href":"https:\/\/montreux-vieux.net\/index.php?rest_route=\/wp\/v2\/pages\/21234","targetHints":{"allow":["GET"]}}],"collection":[{"href":"https:\/\/montreux-vieux.net\/index.php?rest_route=\/wp\/v2\/pages"}],"about":[{"href":"https:\/\/montreux-vieux.net\/index.php?rest_route=\/wp\/v2\/types\/page"}],"author":[{"embeddable":true,"href":"https:\/\/montreux-vieux.net\/index.php?rest_route=\/wp\/v2\/users\/1"}],"replies":[{"embeddable":true,"href":"https:\/\/montreux-vieux.net\/index.php?rest_route=%2Fwp%2Fv2%2Fcomments&post=21234"}],"version-history":[{"count":2,"href":"https:\/\/montreux-vieux.net\/index.php?rest_route=\/wp\/v2\/pages\/21234\/revisions"}],"predecessor-version":[{"id":21236,"href":"https:\/\/montreux-vieux.net\/index.php?rest_route=\/wp\/v2\/pages\/21234\/revisions\/21236"}],"up":[{"embeddable":true,"href":"https:\/\/montreux-vieux.net\/index.php?rest_route=\/wp\/v2\/pages\/13095"}],"wp:attachment":[{"href":"https:\/\/montreux-vieux.net\/index.php?rest_route=%2Fwp%2Fv2%2Fmedia&parent=21234"}],"curies":[{"name":"wp","href":"https:\/\/api.w.org\/{rel}","templated":true}]}}