{"id":21240,"date":"2020-10-01T16:12:59","date_gmt":"2020-10-01T15:12:59","guid":{"rendered":"http:\/\/montreux-vieux.net\/?page_id=21240"},"modified":"2020-10-01T16:12:59","modified_gmt":"2020-10-01T15:12:59","slug":"200-mark-de-recompense","status":"publish","type":"page","link":"https:\/\/montreux-vieux.net\/?page_id=21240","title":{"rendered":"200 mark de r\u00e9compense"},"content":{"rendered":"\n<p>200 mark de r\u00e9compense\u00a0 \u2014 L\u2019inspection de Mulhouse de l\u2019exploitation des chemins de fer d\u2019Alsace-Lorraine nous communique l\u2019avis suivant :<\/p>\n\n\n\n<p>\u2022 Le dimanche 27 juin dernier, le train de voyageurs n* 85, partant \u00e0 9 heures du soir de Mulhouse pour Montreux Vieux, fut mis en danger, entre Altkirch et Dannemarie, aux bornes kilom\u00e9triques 21,100 et 21,400, par le d\u00e9p\u00f4t, op\u00e9r\u00e9 par m\u00e9chancet\u00e9, sur les rails de 2 des pierres d\u00e9charg\u00e9es sur ces points pour le service de la voie. La machine du train a fendu l\u2019une d\u2019elles en deux et l\u2019a entra\u00een\u00e9e \u00e0 une certaine distance.<\/p>\n\n\n\n<p>\u00ab Quiconque d\u00e9signera l\u2019auteur de cet attentat, ou donnera des indications permettant de le faire condamner en justice, recevra une r\u00e9compense de 200 mark. \u00bb<\/p>\n\n\n\n<p>Sources\u00a0: Express 4 juillet 1886<\/p>\n","protected":false},"excerpt":{"rendered":"<p>200 mark de r\u00e9compense\u00a0 \u2014 L\u2019inspection de Mulhouse de l\u2019exploitation des chemins de fer d\u2019Alsace-Lorraine nous communique l\u2019avis suivant : \u2022 Le dimanche 27 juin dernier, le train de voyageurs n* 85, partant \u00e0 9 heures du soir de Mulhouse &hellip; <a href=\"https:\/\/montreux-vieux.net\/?page_id=21240\">Continuer la lecture <span class=\"meta-nav\">&rarr;<\/span><\/a><\/p>\n","protected":false},"author":1,"featured_media":0,"parent":13009,"menu_order":125,"comment_status":"closed","ping_status":"open","template":"","meta":{"footnotes":""},"class_list":["post-21240","page","type-page","status-publish","hentry"],"_links":{"self":[{"href":"https:\/\/montreux-vieux.net\/index.php?rest_route=\/wp\/v2\/pages\/21240","targetHints":{"allow":["GET"]}}],"collection":[{"href":"https:\/\/montreux-vieux.net\/index.php?rest_route=\/wp\/v2\/pages"}],"about":[{"href":"https:\/\/montreux-vieux.net\/index.php?rest_route=\/wp\/v2\/types\/page"}],"author":[{"embeddable":true,"href":"https:\/\/montreux-vieux.net\/index.php?rest_route=\/wp\/v2\/users\/1"}],"replies":[{"embeddable":true,"href":"https:\/\/montreux-vieux.net\/index.php?rest_route=%2Fwp%2Fv2%2Fcomments&post=21240"}],"version-history":[{"count":1,"href":"https:\/\/montreux-vieux.net\/index.php?rest_route=\/wp\/v2\/pages\/21240\/revisions"}],"predecessor-version":[{"id":21241,"href":"https:\/\/montreux-vieux.net\/index.php?rest_route=\/wp\/v2\/pages\/21240\/revisions\/21241"}],"up":[{"embeddable":true,"href":"https:\/\/montreux-vieux.net\/index.php?rest_route=\/wp\/v2\/pages\/13009"}],"wp:attachment":[{"href":"https:\/\/montreux-vieux.net\/index.php?rest_route=%2Fwp%2Fv2%2Fmedia&parent=21240"}],"curies":[{"name":"wp","href":"https:\/\/api.w.org\/{rel}","templated":true}]}}