{"id":21317,"date":"2020-10-01T16:59:52","date_gmt":"2020-10-01T15:59:52","guid":{"rendered":"http:\/\/montreux-vieux.net\/?page_id=21317"},"modified":"2020-10-01T16:59:52","modified_gmt":"2020-10-01T15:59:52","slug":"un-echo-des-discussions-du-conseil-general","status":"publish","type":"page","link":"https:\/\/montreux-vieux.net\/?page_id=21317","title":{"rendered":"Un \u00e9cho des discussions du Conseil G\u00e9n\u00e9ral."},"content":{"rendered":"\n<p>MONTREUX-VIEUX. \u2014 Un \u00e9cho des discussions du Conseil G\u00e9n\u00e9ral. \u2014- Dimanche, 2 octobre, \u00e0 la salle Heinis, a eu lieu une r\u00e9union des propri\u00e9taires expropri\u00e9s, au sujet de l&rsquo;expropriation concernant l&rsquo;am\u00e9nagement du canal du Rh\u00f4ne-au-Rhin. Apr\u00e8s les expos\u00e9s du Conseiller G\u00e9n\u00e9ral Centlivre et de Me Nordmann, avocat \u00e0 Mulbouse, qui confirm\u00e8rent que l\u2019Administration cherche un accord \u00e0 l\u2019amiable, la r\u00e9solution suivante a \u00e9t\u00e9 vot\u00e9e \u00e0 l\u2019unanimit\u00e9: \u00ab Environ 120 propri\u00e9taires r\u00e9unis \u00e0 la salle Heinis \u00e0 Monlreux-Vieux dimanche, 2 octobre, au sujet de l\u2019am\u00e9lioration et l\u2019alimentation en eau du bief de partage du canal du Rh\u00f4ne-au-Rhin, dont les terrains ont \u00e9t\u00e9 expropri\u00e9s par suite du jugement du Tribunal de Ire Instance de Mulhouse du 4 mai 1927, situ\u00e9s dans les communes de Montreux-Vieux, Montreux-Jeune, Lutran et Magny, expriment leurs vifs remerciements au Conseil G\u00e9n\u00e9ral du Haut-Rhin notamment au Conseiller g\u00e9n\u00e9ral Centlivre pour son initiative dans cette question d\u2019expropriation et aux Conseillers &nbsp;Brom et Silbermann pour leur intervention dans la d\u00e9fense de leurs int\u00e9r\u00eats et de leurs droits, et comptent fermement sur l\u2019appui du Conseil G\u00e9n\u00e9ral.<\/p>\n\n\n\n<p>\u00ab&nbsp;Les propri\u00e9taires esp\u00e8rent et attendent que le Gouvernement, sp\u00e9cialement M. Tardieu, ministre des travaux publics, donne des instructions aux diff\u00e9rentes Administrations afin qu\u2019elles prennent toutes les mesures que &nbsp;les cultivateurs de la r\u00e9gion et les ouvriers qui ont une petite culture agricole soient d\u00e9dommag\u00e9s d\u2019une mani\u00e8re&nbsp;\u00ab&nbsp;satisfaisante&nbsp;\u00bb<\/p>\n\n\n\n<p>Ils attendent avec confiance;<\/p>\n\n\n\n<p>1) que les indemnit\u00e9s pour les terrains expropri\u00e9s correspondent \u00e0 leur valeur r\u00e9elle et que toutes les cons\u00e9quences \u00e9conomiques qui seront la suite de cette expropriation seront prises en consid\u00e9ration ;<\/p>\n\n\n\n<p>2) que de nouveaux pourparlers soient engag\u00e9s avec les int\u00e9ress\u00e9s et de nouvelles proposition faites; par lesquelles tous les int\u00e9r\u00eats des propri\u00e9taires et des communes (chemins, irrigations etc.) puissent \u00eatre concili\u00e9s avec les int\u00e9r\u00eats de la collectivit\u00e9;<\/p>\n\n\n\n<p>3j que le paiement des indemnit\u00e9s se fasse sans d\u00e9lai afain que les propri\u00e9taires expropri\u00e9s aient les moyens d\u2019assurer leur existence mat\u00e9rielle. \u00bb<\/p>\n\n\n\n<p>L\u2019assembl\u00e9e remercie vivement Me Nordmann, avocat \u00e0 Mulhouse, pour les explications si int\u00e9ressantes du point de vue juridique. Esp\u00e9rons que le r\u00e8glement de cette question aura une juste et bonne issue.<\/p>\n\n\n\n<p>Sources&nbsp;: L\u2019Express de Mulhouse 6 octobre 1927<\/p>\n","protected":false},"excerpt":{"rendered":"<p>MONTREUX-VIEUX. \u2014 Un \u00e9cho des discussions du Conseil G\u00e9n\u00e9ral. \u2014- Dimanche, 2 octobre, \u00e0 la salle Heinis, a eu lieu une r\u00e9union des propri\u00e9taires expropri\u00e9s, au sujet de l&rsquo;expropriation concernant l&rsquo;am\u00e9nagement du canal du Rh\u00f4ne-au-Rhin. Apr\u00e8s les expos\u00e9s du Conseiller &hellip; <a href=\"https:\/\/montreux-vieux.net\/?page_id=21317\">Continuer la lecture <span class=\"meta-nav\">&rarr;<\/span><\/a><\/p>\n","protected":false},"author":1,"featured_media":0,"parent":13099,"menu_order":35,"comment_status":"closed","ping_status":"open","template":"","meta":{"footnotes":""},"class_list":["post-21317","page","type-page","status-publish","hentry"],"_links":{"self":[{"href":"https:\/\/montreux-vieux.net\/index.php?rest_route=\/wp\/v2\/pages\/21317","targetHints":{"allow":["GET"]}}],"collection":[{"href":"https:\/\/montreux-vieux.net\/index.php?rest_route=\/wp\/v2\/pages"}],"about":[{"href":"https:\/\/montreux-vieux.net\/index.php?rest_route=\/wp\/v2\/types\/page"}],"author":[{"embeddable":true,"href":"https:\/\/montreux-vieux.net\/index.php?rest_route=\/wp\/v2\/users\/1"}],"replies":[{"embeddable":true,"href":"https:\/\/montreux-vieux.net\/index.php?rest_route=%2Fwp%2Fv2%2Fcomments&post=21317"}],"version-history":[{"count":1,"href":"https:\/\/montreux-vieux.net\/index.php?rest_route=\/wp\/v2\/pages\/21317\/revisions"}],"predecessor-version":[{"id":21318,"href":"https:\/\/montreux-vieux.net\/index.php?rest_route=\/wp\/v2\/pages\/21317\/revisions\/21318"}],"up":[{"embeddable":true,"href":"https:\/\/montreux-vieux.net\/index.php?rest_route=\/wp\/v2\/pages\/13099"}],"wp:attachment":[{"href":"https:\/\/montreux-vieux.net\/index.php?rest_route=%2Fwp%2Fv2%2Fmedia&parent=21317"}],"curies":[{"name":"wp","href":"https:\/\/api.w.org\/{rel}","templated":true}]}}