{"id":21322,"date":"2020-10-02T09:59:37","date_gmt":"2020-10-02T08:59:37","guid":{"rendered":"http:\/\/montreux-vieux.net\/?page_id=21322"},"modified":"2020-10-03T16:00:16","modified_gmt":"2020-10-03T15:00:16","slug":"une-societe-de-gymnastique-francais-en-alsace-lorraine-belfort","status":"publish","type":"page","link":"https:\/\/montreux-vieux.net\/?page_id=21322","title":{"rendered":"Une soci\u00e9t\u00e9 de gymnastique fran\u00e7ais en Alsace-Lorraine Belfort"},"content":{"rendered":"\n<p>Une soci\u00e9t\u00e9 de gymnastique fran\u00e7ais en Alsace-Lorraine Belfort. \u2014 lui Soci\u00e9t\u00e9 de gymnastique la Belfortaine est partie, samedi apr\u00e8s-midi, pour prendre part au concours do Schlestadt (Alsace-Lorraine). C&rsquo;est la premi\u00e8re Soci\u00e9t\u00e9 fran\u00e7aise de ce genre qui, depuis les \u00e9v\u00e9nements de 1870 assiste en corps \u00e0 un concours dans les pays annex\u00e9s. Son costume qui comporte un ruban tricolore \u00e0 la casquette, n&rsquo;a soulev\u00e9 aucune difficult\u00e9 au passage \u00e0 la gare fronti\u00e8re de Montreux-Vieux.<\/p>\n\n\n\n<p>Sources\u00a0: La D\u00e9p\u00eache du Berry 14 ao\u00fbt 1906<\/p>\n\n\n\n<p>Belfort, 12 ao\u00fbt. \u2014 La soci\u00e9t\u00e9 de gymnastique La Belfortaine est partie hier pour prendre part au concours de Schlestadt (Alsace-Lorraine).<\/p>\n\n\n\n<p>C\u2019est la premi\u00e8re soci\u00e9t\u00e9 fran\u00e7aise de ce genre qui, depuis 1870, assiste \u00e0 un concours dans les pays annex\u00e9s.<\/p>\n\n\n\n<p>Son costume, qui comporte un reban tricolore \u00e0 la casquette, n\u2019a soulev\u00e9 aucune difficult\u00e9 au passage de la fronti\u00e8re de Montreux-Vieux.<\/p>\n\n\n\n<p>Sources&nbsp;: Le Petit Bourguignon 13 ao\u00fbt 1906<\/p>\n","protected":false},"excerpt":{"rendered":"<p>Une soci\u00e9t\u00e9 de gymnastique fran\u00e7ais en Alsace-Lorraine Belfort. \u2014 lui Soci\u00e9t\u00e9 de gymnastique la Belfortaine est partie, samedi apr\u00e8s-midi, pour prendre part au concours do Schlestadt (Alsace-Lorraine). C&rsquo;est la premi\u00e8re Soci\u00e9t\u00e9 fran\u00e7aise de ce genre qui, depuis les \u00e9v\u00e9nements de &hellip; <a href=\"https:\/\/montreux-vieux.net\/?page_id=21322\">Continuer la lecture <span class=\"meta-nav\">&rarr;<\/span><\/a><\/p>\n","protected":false},"author":1,"featured_media":0,"parent":13095,"menu_order":210,"comment_status":"closed","ping_status":"open","template":"","meta":{"footnotes":""},"class_list":["post-21322","page","type-page","status-publish","hentry"],"_links":{"self":[{"href":"https:\/\/montreux-vieux.net\/index.php?rest_route=\/wp\/v2\/pages\/21322","targetHints":{"allow":["GET"]}}],"collection":[{"href":"https:\/\/montreux-vieux.net\/index.php?rest_route=\/wp\/v2\/pages"}],"about":[{"href":"https:\/\/montreux-vieux.net\/index.php?rest_route=\/wp\/v2\/types\/page"}],"author":[{"embeddable":true,"href":"https:\/\/montreux-vieux.net\/index.php?rest_route=\/wp\/v2\/users\/1"}],"replies":[{"embeddable":true,"href":"https:\/\/montreux-vieux.net\/index.php?rest_route=%2Fwp%2Fv2%2Fcomments&post=21322"}],"version-history":[{"count":2,"href":"https:\/\/montreux-vieux.net\/index.php?rest_route=\/wp\/v2\/pages\/21322\/revisions"}],"predecessor-version":[{"id":21358,"href":"https:\/\/montreux-vieux.net\/index.php?rest_route=\/wp\/v2\/pages\/21322\/revisions\/21358"}],"up":[{"embeddable":true,"href":"https:\/\/montreux-vieux.net\/index.php?rest_route=\/wp\/v2\/pages\/13095"}],"wp:attachment":[{"href":"https:\/\/montreux-vieux.net\/index.php?rest_route=%2Fwp%2Fv2%2Fmedia&parent=21322"}],"curies":[{"name":"wp","href":"https:\/\/api.w.org\/{rel}","templated":true}]}}