{"id":21328,"date":"2020-10-02T10:18:42","date_gmt":"2020-10-02T09:18:42","guid":{"rendered":"http:\/\/montreux-vieux.net\/?page_id=21328"},"modified":"2020-10-02T16:20:54","modified_gmt":"2020-10-02T15:20:54","slug":"la-manufacture-de-coton-sagrandit","status":"publish","type":"page","link":"https:\/\/montreux-vieux.net\/?page_id=21328","title":{"rendered":"La manufacture de coton s&rsquo;agrandit"},"content":{"rendered":"\n<p>MONTREUX-VIEUX. \u2014 La Manufacture de coton du Haut-Rhin vient de s&rsquo;agrandir par un nouveau b\u00e2timent, et, \u00e0 cette occasion, tous les ouvriers ainsi que les ma\u00e7ons furent invit\u00e9s par la direction \u00e0 un copieux d\u00eener offert au restaurant&nbsp; de M. Heinis Notre village qui v\u00e9cu parfois&nbsp; depuis la guerre des moment difficiles, commence \u00e0 revivre et a prendre de l&rsquo;extension gr\u00e2ce aux industries qui s\u2019y installent<\/p>\n\n\n\n<p>Sources&nbsp;: L\u2019Express de Mulhouse 25 novembre 1925<\/p>\n","protected":false},"excerpt":{"rendered":"<p>MONTREUX-VIEUX. \u2014 La Manufacture de coton du Haut-Rhin vient de s&rsquo;agrandir par un nouveau b\u00e2timent, et, \u00e0 cette occasion, tous les ouvriers ainsi que les ma\u00e7ons furent invit\u00e9s par la direction \u00e0 un copieux d\u00eener offert au restaurant&nbsp; de M. &hellip; <a href=\"https:\/\/montreux-vieux.net\/?page_id=21328\">Continuer la lecture <span class=\"meta-nav\">&rarr;<\/span><\/a><\/p>\n","protected":false},"author":1,"featured_media":0,"parent":13095,"menu_order":220,"comment_status":"closed","ping_status":"open","template":"","meta":{"footnotes":""},"class_list":["post-21328","page","type-page","status-publish","hentry"],"_links":{"self":[{"href":"https:\/\/montreux-vieux.net\/index.php?rest_route=\/wp\/v2\/pages\/21328","targetHints":{"allow":["GET"]}}],"collection":[{"href":"https:\/\/montreux-vieux.net\/index.php?rest_route=\/wp\/v2\/pages"}],"about":[{"href":"https:\/\/montreux-vieux.net\/index.php?rest_route=\/wp\/v2\/types\/page"}],"author":[{"embeddable":true,"href":"https:\/\/montreux-vieux.net\/index.php?rest_route=\/wp\/v2\/users\/1"}],"replies":[{"embeddable":true,"href":"https:\/\/montreux-vieux.net\/index.php?rest_route=%2Fwp%2Fv2%2Fcomments&post=21328"}],"version-history":[{"count":1,"href":"https:\/\/montreux-vieux.net\/index.php?rest_route=\/wp\/v2\/pages\/21328\/revisions"}],"predecessor-version":[{"id":21329,"href":"https:\/\/montreux-vieux.net\/index.php?rest_route=\/wp\/v2\/pages\/21328\/revisions\/21329"}],"up":[{"embeddable":true,"href":"https:\/\/montreux-vieux.net\/index.php?rest_route=\/wp\/v2\/pages\/13095"}],"wp:attachment":[{"href":"https:\/\/montreux-vieux.net\/index.php?rest_route=%2Fwp%2Fv2%2Fmedia&parent=21328"}],"curies":[{"name":"wp","href":"https:\/\/api.w.org\/{rel}","templated":true}]}}