{"id":21339,"date":"2020-10-02T16:22:23","date_gmt":"2020-10-02T15:22:23","guid":{"rendered":"http:\/\/montreux-vieux.net\/?page_id=21339"},"modified":"2020-10-02T16:22:23","modified_gmt":"2020-10-02T15:22:23","slug":"le-francais-en-territoire-alsacien","status":"publish","type":"page","link":"https:\/\/montreux-vieux.net\/?page_id=21339","title":{"rendered":"LE FRAN\u00c7AIS EN TERRITOIRE ALSACIEN"},"content":{"rendered":"\n<p>Nous avons dit, d\u2019apr\u00e8s un journal alsacien, qu&rsquo;il y a un village \u00e0 parler fran\u00e7ais, du nom de Lutran, en Haute-Alsace, pr\u00e8s Atkirch. Il y en a dix autres enti\u00e8rement fran\u00e7ais de parler et deux ayant les deux langues, dains cette petite r\u00e9gion en regard du territoire de Belfort.<\/p>\n\n\n\n<p>Les villages parlant fran\u00e7ais sont : Lutran, Valdieu, Chavannes-sur-1\u2019Etang, Montreux-Vieux, Montreux-Jeune, Saint-Cosme, Belmagny, Magny..<\/p>\n\n\n\n<p>N\u2019oublions pas&#8230;<\/p>\n\n\n\n<p>Sources L\u2019Eclair 31 mars 1914<\/p>\n","protected":false},"excerpt":{"rendered":"<p>Nous avons dit, d\u2019apr\u00e8s un journal alsacien, qu&rsquo;il y a un village \u00e0 parler fran\u00e7ais, du nom de Lutran, en Haute-Alsace, pr\u00e8s Atkirch. Il y en a dix autres enti\u00e8rement fran\u00e7ais de parler et deux ayant les deux langues, dains &hellip; <a href=\"https:\/\/montreux-vieux.net\/?page_id=21339\">Continuer la lecture <span class=\"meta-nav\">&rarr;<\/span><\/a><\/p>\n","protected":false},"author":1,"featured_media":0,"parent":13095,"menu_order":225,"comment_status":"closed","ping_status":"open","template":"","meta":{"footnotes":""},"class_list":["post-21339","page","type-page","status-publish","hentry"],"_links":{"self":[{"href":"https:\/\/montreux-vieux.net\/index.php?rest_route=\/wp\/v2\/pages\/21339","targetHints":{"allow":["GET"]}}],"collection":[{"href":"https:\/\/montreux-vieux.net\/index.php?rest_route=\/wp\/v2\/pages"}],"about":[{"href":"https:\/\/montreux-vieux.net\/index.php?rest_route=\/wp\/v2\/types\/page"}],"author":[{"embeddable":true,"href":"https:\/\/montreux-vieux.net\/index.php?rest_route=\/wp\/v2\/users\/1"}],"replies":[{"embeddable":true,"href":"https:\/\/montreux-vieux.net\/index.php?rest_route=%2Fwp%2Fv2%2Fcomments&post=21339"}],"version-history":[{"count":1,"href":"https:\/\/montreux-vieux.net\/index.php?rest_route=\/wp\/v2\/pages\/21339\/revisions"}],"predecessor-version":[{"id":21340,"href":"https:\/\/montreux-vieux.net\/index.php?rest_route=\/wp\/v2\/pages\/21339\/revisions\/21340"}],"up":[{"embeddable":true,"href":"https:\/\/montreux-vieux.net\/index.php?rest_route=\/wp\/v2\/pages\/13095"}],"wp:attachment":[{"href":"https:\/\/montreux-vieux.net\/index.php?rest_route=%2Fwp%2Fv2%2Fmedia&parent=21339"}],"curies":[{"name":"wp","href":"https:\/\/api.w.org\/{rel}","templated":true}]}}