{"id":21342,"date":"2020-10-02T16:51:10","date_gmt":"2020-10-02T15:51:10","guid":{"rendered":"http:\/\/montreux-vieux.net\/?page_id=21342"},"modified":"2020-10-02T16:51:10","modified_gmt":"2020-10-02T15:51:10","slug":"noyade-du-lieutenant-pugens","status":"publish","type":"page","link":"https:\/\/montreux-vieux.net\/?page_id=21342","title":{"rendered":"Noyade du Lieutenant Pugens"},"content":{"rendered":"\n<p>Montreux-Vieux, 11 oct. \u2014 Trois officiers fran\u00e7ais, de Belfort, chassaient, hier matin, le canard sauvage, pr\u00e8s du village de Montreux-Cb\u00e0teau, \u00e0 proximit\u00e9 de la fronti\u00e8re allemande. La pluie avait transform\u00e9 en torrents tous les cours d\u2019eau et inond\u00e9 les pr\u00e9s sur lesquels s\u2019abattaient les canards. Les trois officiels pataugeaient dans l\u2019eau. L&rsquo;un d\u2019eux s\u2019\u00e9tant \u00e9loign\u00e9 de ses camarades, ne reparut plus. On le chercha en vain pendant toute la journ\u00e9e.<\/p>\n\n\n\n<p>On a retrouv\u00e9 enfin son cadavre cette apr\u00e8s-midi. Il s\u2019\u00e9tait enfonc\u00e9 dans une mare d\u2019o\u00f9 il n\u2019a plus pu se d\u00e9p\u00eatrer et o\u00f9 il s&rsquo;est noy\u00e9.<\/p>\n\n\n\n<p>On nous \u00e9crit que l\u2019officier qui a si malheureusement p\u00e9ri est le lieutenant Pugens, du 138* r\u00e9giment de ligne. On a retrouv\u00e9 le corps \u00e0 l\u2019endroit m\u00eame o\u00f9 il avait coul\u00e9 \u00e0 fond, entre Montreux-Ch\u00e2teau et Novillars, dans une carri\u00e8re remplie d\u2019eau. L\u2019officier aurait pu se sauver s\u2019il ne s\u2019\u00e9tait pas embarrass\u00e9 dans un buisson, dans lequel on l&rsquo;a trouv\u00e9 pris, les bras \u00e9cart\u00e9s. Il a fallu lui briser les bras pour le mettre en bi\u00e8re.<\/p>\n\n\n\n<p>Sources&nbsp;: Express 13 octobre 1901<\/p>\n","protected":false},"excerpt":{"rendered":"<p>Montreux-Vieux, 11 oct. \u2014 Trois officiers fran\u00e7ais, de Belfort, chassaient, hier matin, le canard sauvage, pr\u00e8s du village de Montreux-Cb\u00e0teau, \u00e0 proximit\u00e9 de la fronti\u00e8re allemande. La pluie avait transform\u00e9 en torrents tous les cours d\u2019eau et inond\u00e9 les pr\u00e9s &hellip; <a href=\"https:\/\/montreux-vieux.net\/?page_id=21342\">Continuer la lecture <span class=\"meta-nav\">&rarr;<\/span><\/a><\/p>\n","protected":false},"author":1,"featured_media":0,"parent":13095,"menu_order":230,"comment_status":"closed","ping_status":"open","template":"","meta":{"footnotes":""},"class_list":["post-21342","page","type-page","status-publish","hentry"],"_links":{"self":[{"href":"https:\/\/montreux-vieux.net\/index.php?rest_route=\/wp\/v2\/pages\/21342","targetHints":{"allow":["GET"]}}],"collection":[{"href":"https:\/\/montreux-vieux.net\/index.php?rest_route=\/wp\/v2\/pages"}],"about":[{"href":"https:\/\/montreux-vieux.net\/index.php?rest_route=\/wp\/v2\/types\/page"}],"author":[{"embeddable":true,"href":"https:\/\/montreux-vieux.net\/index.php?rest_route=\/wp\/v2\/users\/1"}],"replies":[{"embeddable":true,"href":"https:\/\/montreux-vieux.net\/index.php?rest_route=%2Fwp%2Fv2%2Fcomments&post=21342"}],"version-history":[{"count":1,"href":"https:\/\/montreux-vieux.net\/index.php?rest_route=\/wp\/v2\/pages\/21342\/revisions"}],"predecessor-version":[{"id":21343,"href":"https:\/\/montreux-vieux.net\/index.php?rest_route=\/wp\/v2\/pages\/21342\/revisions\/21343"}],"up":[{"embeddable":true,"href":"https:\/\/montreux-vieux.net\/index.php?rest_route=\/wp\/v2\/pages\/13095"}],"wp:attachment":[{"href":"https:\/\/montreux-vieux.net\/index.php?rest_route=%2Fwp%2Fv2%2Fmedia&parent=21342"}],"curies":[{"name":"wp","href":"https:\/\/api.w.org\/{rel}","templated":true}]}}