{"id":21352,"date":"2020-10-03T15:47:53","date_gmt":"2020-10-03T14:47:53","guid":{"rendered":"http:\/\/montreux-vieux.net\/?page_id=21352"},"modified":"2020-10-03T15:47:53","modified_gmt":"2020-10-03T14:47:53","slug":"musique-municipale","status":"publish","type":"page","link":"https:\/\/montreux-vieux.net\/?page_id=21352","title":{"rendered":"Musique municipale"},"content":{"rendered":"\n<p>Montreux-Vieux &#8211; Musique municipale. Samedi 28 d\u00e9cembre \u00e0 8 h 30, salle Heinis, grand concert, bal avec le concours de la Soci\u00e9t\u00e9 de trompes de chasse de Luxeuil, accompagn\u00e9e de ses acteurs. .Apr\u00e8s le concert il y aura bal avec grand orchestre et jazz.<\/p>\n\n\n\n<p>Sources&nbsp;: Le R\u00e9publicain de Belfort 25 d\u00e9cembre 1929<\/p>\n","protected":false},"excerpt":{"rendered":"<p>Montreux-Vieux &#8211; Musique municipale. Samedi 28 d\u00e9cembre \u00e0 8 h 30, salle Heinis, grand concert, bal avec le concours de la Soci\u00e9t\u00e9 de trompes de chasse de Luxeuil, accompagn\u00e9e de ses acteurs. .Apr\u00e8s le concert il y aura bal avec &hellip; <a href=\"https:\/\/montreux-vieux.net\/?page_id=21352\">Continuer la lecture <span class=\"meta-nav\">&rarr;<\/span><\/a><\/p>\n","protected":false},"author":1,"featured_media":0,"parent":12669,"menu_order":35,"comment_status":"closed","ping_status":"open","template":"","meta":{"footnotes":""},"class_list":["post-21352","page","type-page","status-publish","hentry"],"_links":{"self":[{"href":"https:\/\/montreux-vieux.net\/index.php?rest_route=\/wp\/v2\/pages\/21352","targetHints":{"allow":["GET"]}}],"collection":[{"href":"https:\/\/montreux-vieux.net\/index.php?rest_route=\/wp\/v2\/pages"}],"about":[{"href":"https:\/\/montreux-vieux.net\/index.php?rest_route=\/wp\/v2\/types\/page"}],"author":[{"embeddable":true,"href":"https:\/\/montreux-vieux.net\/index.php?rest_route=\/wp\/v2\/users\/1"}],"replies":[{"embeddable":true,"href":"https:\/\/montreux-vieux.net\/index.php?rest_route=%2Fwp%2Fv2%2Fcomments&post=21352"}],"version-history":[{"count":1,"href":"https:\/\/montreux-vieux.net\/index.php?rest_route=\/wp\/v2\/pages\/21352\/revisions"}],"predecessor-version":[{"id":21353,"href":"https:\/\/montreux-vieux.net\/index.php?rest_route=\/wp\/v2\/pages\/21352\/revisions\/21353"}],"up":[{"embeddable":true,"href":"https:\/\/montreux-vieux.net\/index.php?rest_route=\/wp\/v2\/pages\/12669"}],"wp:attachment":[{"href":"https:\/\/montreux-vieux.net\/index.php?rest_route=%2Fwp%2Fv2%2Fmedia&parent=21352"}],"curies":[{"name":"wp","href":"https:\/\/api.w.org\/{rel}","templated":true}]}}